{"id":2796,"date":"2020-10-19T07:14:39","date_gmt":"2020-10-19T07:14:39","guid":{"rendered":"https:\/\/www.mytec.de\/contactez\/representation\/"},"modified":"2026-03-27T17:25:42","modified_gmt":"2026-03-27T17:25:42","slug":"representation","status":"publish","type":"page","link":"https:\/\/www.mytec.de\/fr\/contactez\/representation\/","title":{"rendered":"Repr\u00e9sentations"},"content":{"rendered":"\t\t<div data-elementor-type=\"wp-page\" data-elementor-id=\"2796\" class=\"elementor elementor-2796 elementor-365\" data-elementor-settings=\"[]\">\n\t\t\t\t\t\t<div class=\"elementor-inner\">\n\t\t\t\t\t\t\t<div class=\"elementor-section-wrap\">\n\t\t\t\t\t\t\t<section class=\"elementor-section elementor-top-section elementor-element elementor-element-b1a8950 elementor-section-content-middle elementor-section-boxed elementor-section-height-default elementor-section-height-default\" data-id=\"b1a8950\" data-element_type=\"section\">\n\t\t\t\t\t\t<div class=\"elementor-container elementor-column-gap-default\">\n\t\t\t\t\t\t\t<div class=\"elementor-row\">\n\t\t\t\t\t<div class=\"elementor-column elementor-col-100 elementor-top-column elementor-element elementor-element-255703f8\" data-id=\"255703f8\" data-element_type=\"column\">\n\t\t\t<div class=\"elementor-column-wrap elementor-element-populated\">\n\t\t\t\t\t\t\t<div class=\"elementor-widget-wrap\">\n\t\t\t\t\t\t<div class=\"elementor-element elementor-element-a3effc8 elementor-widget__width-auto elementor-widget elementor-widget-heading\" data-id=\"a3effc8\" data-element_type=\"widget\" data-widget_type=\"heading.default\">\n\t\t\t\t<div class=\"elementor-widget-container\">\n\t\t\t<h1 class=\"elementor-heading-title elementor-size-default\">Notre soci\u00e9t\u00e9 de <\/h1>\t\t<\/div>\n\t\t\t\t<\/div>\n\t\t\t\t<div class=\"elementor-element elementor-element-71205c8 elementor-widget__width-auto elementor-widget elementor-widget-heading\" data-id=\"71205c8\" data-element_type=\"widget\" data-widget_type=\"heading.default\">\n\t\t\t\t<div class=\"elementor-widget-container\">\n\t\t\t<h1 class=\"elementor-heading-title elementor-size-default\">Repr\u00e9sentations<\/h1>\t\t<\/div>\n\t\t\t\t<\/div>\n\t\t\t\t<div class=\"elementor-element elementor-element-30d05c48 elementor-widget elementor-widget-accordion\" data-id=\"30d05c48\" data-element_type=\"widget\" data-widget_type=\"accordion.default\">\n\t\t\t\t<div class=\"elementor-widget-container\">\n\t\t\t\t\t<div class=\"elementor-accordion\" role=\"tablist\">\n\t\t\t\t\t\t\t<div class=\"elementor-accordion-item\">\n\t\t\t\t\t<div id=\"elementor-tab-title-8181\" class=\"elementor-tab-title\" data-tab=\"1\" role=\"tab\" aria-controls=\"elementor-tab-content-8181\" aria-expanded=\"false\">\n\t\t\t\t\t\t\t\t\t\t\t\t\t<span class=\"elementor-accordion-icon elementor-accordion-icon-right\" aria-hidden=\"true\">\n\t\t\t\t\t\t\t\t\t\t\t\t\t\t\t<span class=\"elementor-accordion-icon-closed\"><i class=\"fas fa-plus\"><\/i><\/span>\n\t\t\t\t\t\t\t\t<span class=\"elementor-accordion-icon-opened\"><i class=\"fas fa-minus\"><\/i><\/span>\n\t\t\t\t\t\t\t\t\t\t\t\t\t\t<\/span>\n\t\t\t\t\t\t\t\t\t\t\t\t<a class=\"elementor-accordion-title\" href=\"\">ALLEMAGNE<p class=\"sub-deutschland\"><\/p><\/a>\n\t\t\t\t\t<\/div>\n\t\t\t\t\t<div id=\"elementor-tab-content-8181\" class=\"elementor-tab-content elementor-clearfix\" data-tab=\"1\" role=\"tabpanel\" aria-labelledby=\"elementor-tab-title-8181\"><table><tbody><tr><td width=\"50%\"><p>Richard-Dehmel-Str. 19<br \/>D-22926 Ahrensburg<\/p><\/td><td width=\"50%\"><p>T\u00e9l.: +49 4102 778930<br \/>E-Mail: <a href=\"mailto:info@stenzel-werkzeugtechnik.de\">info@stenzel-werkzeugtechnik.de<\/a><br \/>Internet: <a href=\"http:\/\/www.stenzel-werkzeugtechnik.de\" target=\"_blank\" rel=\"noopener\">www.stenzel-werkzeugtechnik.de<\/a><\/p><\/td><\/tr><\/tbody><\/table><\/div>\n\t\t\t\t<\/div>\n\t\t\t\t\t\t\t<div class=\"elementor-accordion-item\">\n\t\t\t\t\t<div id=\"elementor-tab-title-8182\" class=\"elementor-tab-title\" data-tab=\"2\" role=\"tab\" aria-controls=\"elementor-tab-content-8182\" aria-expanded=\"false\">\n\t\t\t\t\t\t\t\t\t\t\t\t\t<span class=\"elementor-accordion-icon elementor-accordion-icon-right\" aria-hidden=\"true\">\n\t\t\t\t\t\t\t\t\t\t\t\t\t\t\t<span class=\"elementor-accordion-icon-closed\"><i class=\"fas fa-plus\"><\/i><\/span>\n\t\t\t\t\t\t\t\t<span class=\"elementor-accordion-icon-opened\"><i class=\"fas fa-minus\"><\/i><\/span>\n\t\t\t\t\t\t\t\t\t\t\t\t\t\t<\/span>\n\t\t\t\t\t\t\t\t\t\t\t\t<a class=\"elementor-accordion-title\" href=\"\">GRANDE BRETAGNE<p class=\"sub-uk\"><\/p><\/a>\n\t\t\t\t\t<\/div>\n\t\t\t\t\t<div id=\"elementor-tab-content-8182\" class=\"elementor-tab-content elementor-clearfix\" data-tab=\"2\" role=\"tabpanel\" aria-labelledby=\"elementor-tab-title-8182\"><table><tbody><tr><td width=\"50%\"><p>Priorslee,<br \/>Telford TF2 9NT<\/p><\/td><td width=\"50%\"><p>T\u00e9l.: +44 20 3308 2900<br \/>E-Mail: <a href=\"mailto:info@micronz.com\">info@micronz.com<\/a><br \/>Internet: <a href=\"http:\/\/www.micronz.co.uk\/contact\">www.micronz.co.uk<\/a><\/p><\/td><\/tr><\/tbody><\/table><\/div>\n\t\t\t\t<\/div>\n\t\t\t\t\t\t\t<div class=\"elementor-accordion-item\">\n\t\t\t\t\t<div id=\"elementor-tab-title-8183\" class=\"elementor-tab-title\" data-tab=\"3\" role=\"tab\" aria-controls=\"elementor-tab-content-8183\" aria-expanded=\"false\">\n\t\t\t\t\t\t\t\t\t\t\t\t\t<span class=\"elementor-accordion-icon elementor-accordion-icon-right\" aria-hidden=\"true\">\n\t\t\t\t\t\t\t\t\t\t\t\t\t\t\t<span class=\"elementor-accordion-icon-closed\"><i class=\"fas fa-plus\"><\/i><\/span>\n\t\t\t\t\t\t\t\t<span class=\"elementor-accordion-icon-opened\"><i class=\"fas fa-minus\"><\/i><\/span>\n\t\t\t\t\t\t\t\t\t\t\t\t\t\t<\/span>\n\t\t\t\t\t\t\t\t\t\t\t\t<a class=\"elementor-accordion-title\" href=\"\">\u00c9TATS-UNIS<p class=\"sub-usa\"><\/p><\/a>\n\t\t\t\t\t<\/div>\n\t\t\t\t\t<div id=\"elementor-tab-content-8183\" class=\"elementor-tab-content elementor-clearfix\" data-tab=\"3\" role=\"tabpanel\" aria-labelledby=\"elementor-tab-title-8183\"><table><tbody><tr><td width=\"50%\"><p class=\"p1\">N48 W14170 Hampton Avenue<br \/>Menomonee Falls WI 53051-6907<\/p><\/td><td width=\"50%\">T\u00e9l.: +1 262 7816777<br \/>Fax: +1 262 7812822<br \/>E-mail: <a href=\"mailto:info@eurotechcorp.com\">info@eurotechcorp.com<\/a><br \/>internet: <a href=\"http:\/\/www.eurotechcorp.com\" target=\"_blank\" rel=\"noopener\">www.eurotechcorp.com<\/a><\/td><\/tr><\/tbody><\/table><\/div>\n\t\t\t\t<\/div>\n\t\t\t\t\t\t\t<div class=\"elementor-accordion-item\">\n\t\t\t\t\t<div id=\"elementor-tab-title-8184\" class=\"elementor-tab-title\" data-tab=\"4\" role=\"tab\" aria-controls=\"elementor-tab-content-8184\" aria-expanded=\"false\">\n\t\t\t\t\t\t\t\t\t\t\t\t\t<span class=\"elementor-accordion-icon elementor-accordion-icon-right\" aria-hidden=\"true\">\n\t\t\t\t\t\t\t\t\t\t\t\t\t\t\t<span class=\"elementor-accordion-icon-closed\"><i class=\"fas fa-plus\"><\/i><\/span>\n\t\t\t\t\t\t\t\t<span class=\"elementor-accordion-icon-opened\"><i class=\"fas fa-minus\"><\/i><\/span>\n\t\t\t\t\t\t\t\t\t\t\t\t\t\t<\/span>\n\t\t\t\t\t\t\t\t\t\t\t\t<a class=\"elementor-accordion-title\" href=\"\"> MEXIQUE<p class=\"company\"> EMUGE-FRANKEN S.A. de C.V. <\/p><\/a>\n\t\t\t\t\t<\/div>\n\t\t\t\t\t<div id=\"elementor-tab-content-8184\" class=\"elementor-tab-content elementor-clearfix\" data-tab=\"4\" role=\"tabpanel\" aria-labelledby=\"elementor-tab-title-8184\"><table><tbody><tr><td width=\"50%\"><p class=\"p1\">Anillo Vial II Fray Jun\u00edpero Serra No. 20420<br \/>Col. El Salitre<br \/>Quer\u00e9taro, QE 76127 MX<\/p><\/td><td width=\"50%\">T\u00e9l.: +52 442 209 5168<br \/>E-mail: <a class=\"txt-black\" href=\"mailto:ventas@emuge-franken.com.mx\">ventas@emuge-franken.com.mx<\/a><br \/>internet: <a class=\"font-weight-bold lg word-break-all\" href=\"http:\/\/www.emuge-franken.com.mx\/\" target=\"_blank\" rel=\"noopener\">emuge-franken.com.mx<\/a><\/td><\/tr><\/tbody><\/table><\/div>\n\t\t\t\t<\/div>\n\t\t\t\t\t\t\t<div class=\"elementor-accordion-item\">\n\t\t\t\t\t<div id=\"elementor-tab-title-8185\" class=\"elementor-tab-title\" data-tab=\"5\" role=\"tab\" aria-controls=\"elementor-tab-content-8185\" aria-expanded=\"false\">\n\t\t\t\t\t\t\t\t\t\t\t\t\t<span class=\"elementor-accordion-icon elementor-accordion-icon-right\" aria-hidden=\"true\">\n\t\t\t\t\t\t\t\t\t\t\t\t\t\t\t<span class=\"elementor-accordion-icon-closed\"><i class=\"fas fa-plus\"><\/i><\/span>\n\t\t\t\t\t\t\t\t<span class=\"elementor-accordion-icon-opened\"><i class=\"fas fa-minus\"><\/i><\/span>\n\t\t\t\t\t\t\t\t\t\t\t\t\t\t<\/span>\n\t\t\t\t\t\t\t\t\t\t\t\t<a class=\"elementor-accordion-title\" href=\"\">CHINE<p class=\"sub-china\"><\/p><\/a>\n\t\t\t\t\t<\/div>\n\t\t\t\t\t<div id=\"elementor-tab-content-8185\" class=\"elementor-tab-content elementor-clearfix\" data-tab=\"5\" role=\"tabpanel\" aria-labelledby=\"elementor-tab-title-8185\"><table>\n<tbody>\n<tr>\n<td width=\"50%\">\n<p class=\"p1\">No.18 Donghenggang Street, Yangchenghu Town<br \/>Suzhou Xiangcheng District,<br \/>Post boat: 215138<br \/>215138 Suzhou<\/p>\n<\/td>\n<td width=\"50%\">\n<p class=\"p1\">T\u00e9l.: +86 512 62860560<br \/>Fax: +86 512 62860561<br \/>E-Mail: <a href=\"mailto:china@emuge-franken.com.cn\">china@emuge-franken.com.cn<\/a><br \/>Internet: <a href=\"http:\/\/www.emuge-franken.com.cn\" target=\"_blank\" rel=\"noopener\">www.emuge-franken.com.cn<\/a><\/p>\n<\/td>\n<\/tr>\n<\/tbody>\n<\/table>\n<\/div>\n\t\t\t\t<\/div>\n\t\t\t\t\t\t\t<div class=\"elementor-accordion-item\">\n\t\t\t\t\t<div id=\"elementor-tab-title-8186\" class=\"elementor-tab-title\" data-tab=\"6\" role=\"tab\" aria-controls=\"elementor-tab-content-8186\" aria-expanded=\"false\">\n\t\t\t\t\t\t\t\t\t\t\t\t\t<span class=\"elementor-accordion-icon elementor-accordion-icon-right\" aria-hidden=\"true\">\n\t\t\t\t\t\t\t\t\t\t\t\t\t\t\t<span class=\"elementor-accordion-icon-closed\"><i class=\"fas fa-plus\"><\/i><\/span>\n\t\t\t\t\t\t\t\t<span class=\"elementor-accordion-icon-opened\"><i class=\"fas fa-minus\"><\/i><\/span>\n\t\t\t\t\t\t\t\t\t\t\t\t\t\t<\/span>\n\t\t\t\t\t\t\t\t\t\t\t\t<a class=\"elementor-accordion-title\" href=\"\">TAIWAN<p class=\"sub-taiwan\"><\/p><\/a>\n\t\t\t\t\t<\/div>\n\t\t\t\t\t<div id=\"elementor-tab-content-8186\" class=\"elementor-tab-content elementor-clearfix\" data-tab=\"6\" role=\"tabpanel\" aria-labelledby=\"elementor-tab-title-8186\"><table>\n<tbody>\n<tr>\n<td width=\"50%\">\n<p>Rm. A1, 12F., No.130, Sec. 2,<br>Chongde Rd.<br>Beitun Dist.<br>Taichung City 40667<br>Taiwan (R.O.C.)<\/p>\n<\/td>\n<td width=\"50%\">\n<p>T\u00e9l.: +886 4 2236 1867<br>Fax: +886 4 2256 9498<br>E-mail: <a href=\"mailto:sales@pongi.com.tw\">sales@pongi.com.tw<\/a><br>Internet:&nbsp;<a href=\"http:\/\/www.pongi.com.tw\/\" target=\"_blank\" style=\"font-size: 0.9em; font-family: var( --e-global-typography-text-font-family ); font-weight: var( --e-global-typography-text-font-weight );\">WWW.PONGI.COM.TW<\/a><br><\/p>\n<\/td>\n<\/tr>\n<\/tbody>\n<\/table><\/div>\n\t\t\t\t<\/div>\n\t\t\t\t\t\t\t<div class=\"elementor-accordion-item\">\n\t\t\t\t\t<div id=\"elementor-tab-title-8187\" class=\"elementor-tab-title\" data-tab=\"7\" role=\"tab\" aria-controls=\"elementor-tab-content-8187\" aria-expanded=\"false\">\n\t\t\t\t\t\t\t\t\t\t\t\t\t<span class=\"elementor-accordion-icon elementor-accordion-icon-right\" aria-hidden=\"true\">\n\t\t\t\t\t\t\t\t\t\t\t\t\t\t\t<span class=\"elementor-accordion-icon-closed\"><i class=\"fas fa-plus\"><\/i><\/span>\n\t\t\t\t\t\t\t\t<span class=\"elementor-accordion-icon-opened\"><i class=\"fas fa-minus\"><\/i><\/span>\n\t\t\t\t\t\t\t\t\t\t\t\t\t\t<\/span>\n\t\t\t\t\t\t\t\t\t\t\t\t<a class=\"elementor-accordion-title\" href=\"\">INDE<p class=\"sub-indien\"><\/p><\/a>\n\t\t\t\t\t<\/div>\n\t\t\t\t\t<div id=\"elementor-tab-content-8187\" class=\"elementor-tab-content elementor-clearfix\" data-tab=\"7\" role=\"tabpanel\" aria-labelledby=\"elementor-tab-title-8187\"><table><tbody><tr><td width=\"50%\"><p class=\"p1\">Flat no.9, Horizon Bliss<br \/>Survey no. 6\/1<br \/>Opp. Bapuji Bua Mandir<br \/>Sector 24, Pradhikaran, Nigdi<br \/>Pune-411044<\/p><\/td><td width=\"50%\"><p class=\"p1\">T\u00e9l.: +91 9822507358<br \/>E-mail: <a href=\"mailto:dgmachines@gmail.com\">dgmachines@gmail.com<\/a><\/p><\/td><\/tr><\/tbody><\/table><\/div>\n\t\t\t\t<\/div>\n\t\t\t\t\t\t\t<div class=\"elementor-accordion-item\">\n\t\t\t\t\t<div id=\"elementor-tab-title-8188\" class=\"elementor-tab-title\" data-tab=\"8\" role=\"tab\" aria-controls=\"elementor-tab-content-8188\" aria-expanded=\"false\">\n\t\t\t\t\t\t\t\t\t\t\t\t\t<span class=\"elementor-accordion-icon elementor-accordion-icon-right\" aria-hidden=\"true\">\n\t\t\t\t\t\t\t\t\t\t\t\t\t\t\t<span class=\"elementor-accordion-icon-closed\"><i class=\"fas fa-plus\"><\/i><\/span>\n\t\t\t\t\t\t\t\t<span class=\"elementor-accordion-icon-opened\"><i class=\"fas fa-minus\"><\/i><\/span>\n\t\t\t\t\t\t\t\t\t\t\t\t\t\t<\/span>\n\t\t\t\t\t\t\t\t\t\t\t\t<a class=\"elementor-accordion-title\" href=\"\">COR\u00c9E<p class=\"sub-korea\"><\/p><\/a>\n\t\t\t\t\t<\/div>\n\t\t\t\t\t<div id=\"elementor-tab-content-8188\" class=\"elementor-tab-content elementor-clearfix\" data-tab=\"8\" role=\"tabpanel\" aria-labelledby=\"elementor-tab-title-8188\"><table>\n<tbody>\n<tr>\n<td width=\"50%\">\n<p class=\"p1\">Protec-Biz \/ \ud504\ub85c\ud14d \ube44\uc9c0\ub2c8\uc2a4(\uc8fc)<br \/>#511-1 ho, 9-22, Pangyo-ro 255 beon-gil (Woolim W-city)<br \/>Bundang-gu, Seongnam-si, Gyeonggi-do, Korea<br \/>zip code : 13486<\/p>\n<\/td>\n<td width=\"50%\">\n<p class=\"p1\">T\u00e9l.: +82 31 608 9552<br \/>Fax: +82 10 7234 9090<br \/>E-Mail: <a href=\"mailto:protec@protec-biz.com\">protec@protec-biz.com<\/a><br \/>Internet: <a href=\"http:\/\/www.protec-biz.com\" target=\"_blank\" rel=\"noopener\">www.protec-biz.com<\/a><\/p>\n<\/td>\n<\/tr>\n<\/tbody>\n<\/table>\n<\/div>\n\t\t\t\t<\/div>\n\t\t\t\t\t\t\t<div class=\"elementor-accordion-item\">\n\t\t\t\t\t<div id=\"elementor-tab-title-8189\" class=\"elementor-tab-title\" data-tab=\"9\" role=\"tab\" aria-controls=\"elementor-tab-content-8189\" aria-expanded=\"false\">\n\t\t\t\t\t\t\t\t\t\t\t\t\t<span class=\"elementor-accordion-icon elementor-accordion-icon-right\" aria-hidden=\"true\">\n\t\t\t\t\t\t\t\t\t\t\t\t\t\t\t<span class=\"elementor-accordion-icon-closed\"><i class=\"fas fa-plus\"><\/i><\/span>\n\t\t\t\t\t\t\t\t<span class=\"elementor-accordion-icon-opened\"><i class=\"fas fa-minus\"><\/i><\/span>\n\t\t\t\t\t\t\t\t\t\t\t\t\t\t<\/span>\n\t\t\t\t\t\t\t\t\t\t\t\t<a class=\"elementor-accordion-title\" href=\"\">ITALIE<p class=\"sub-italien\"><\/p><\/a>\n\t\t\t\t\t<\/div>\n\t\t\t\t\t<div id=\"elementor-tab-content-8189\" class=\"elementor-tab-content elementor-clearfix\" data-tab=\"9\" role=\"tabpanel\" aria-labelledby=\"elementor-tab-title-8189\"><table>\n<tbody>\n<tr>\n<td width=\"50%\">\n<p class=\"p1\">Via Indipendenza, 9\/F<br \/>I &#8211; 10095 Grugliasco (TO)<\/p>\n<\/td>\n<td width=\"50%\">\n<p class=\"p1\">T\u00e9l.: +39 011 4027511<br \/>Fax: +39 011 40275290<br \/>E-mail: <a href=\"mailto:info@ridix.it\">info@ridix.it<\/a><br \/>internet: <a href=\"http:\/\/www.ridix.it\" target=\"_blank\" rel=\"noopener\">www.ridix.it<\/a><\/p>\n<\/td>\n<\/tr>\n<\/tbody>\n<\/table>\n<\/div>\n\t\t\t\t<\/div>\n\t\t\t\t\t\t\t<div class=\"elementor-accordion-item\">\n\t\t\t\t\t<div id=\"elementor-tab-title-81810\" class=\"elementor-tab-title\" data-tab=\"10\" role=\"tab\" aria-controls=\"elementor-tab-content-81810\" aria-expanded=\"false\">\n\t\t\t\t\t\t\t\t\t\t\t\t\t<span class=\"elementor-accordion-icon elementor-accordion-icon-right\" aria-hidden=\"true\">\n\t\t\t\t\t\t\t\t\t\t\t\t\t\t\t<span class=\"elementor-accordion-icon-closed\"><i class=\"fas fa-plus\"><\/i><\/span>\n\t\t\t\t\t\t\t\t<span class=\"elementor-accordion-icon-opened\"><i class=\"fas fa-minus\"><\/i><\/span>\n\t\t\t\t\t\t\t\t\t\t\t\t\t\t<\/span>\n\t\t\t\t\t\t\t\t\t\t\t\t<a class=\"elementor-accordion-title\" href=\"\">FRANCE<p class=\"sub-frankreich\"><\/p><\/a>\n\t\t\t\t\t<\/div>\n\t\t\t\t\t<div id=\"elementor-tab-content-81810\" class=\"elementor-tab-content elementor-clearfix\" data-tab=\"10\" role=\"tabpanel\" aria-labelledby=\"elementor-tab-title-81810\"><table><tbody><tr><td width=\"50%\"><p class=\"p1\">Rue de l\u2019Atome 4<br \/>67800 Bischheim<\/p><\/td><td width=\"50%\"><p class=\"p1\">T\u00e9l.: +33 1 55872222<br \/>E-Mail: <a href=\"mailto:france@emuge-franken.com\">france@emuge-franken.com<\/a><br \/>Internet: <a href=\"http:\/\/www.emuge-franken.fr\" target=\"_blank\" rel=\"noopener\">www.emuge-franken.fr<\/a><\/p><\/td><\/tr><\/tbody><\/table><\/div>\n\t\t\t\t<\/div>\n\t\t\t\t\t\t\t<div class=\"elementor-accordion-item\">\n\t\t\t\t\t<div id=\"elementor-tab-title-81811\" class=\"elementor-tab-title\" data-tab=\"11\" role=\"tab\" aria-controls=\"elementor-tab-content-81811\" aria-expanded=\"false\">\n\t\t\t\t\t\t\t\t\t\t\t\t\t<span class=\"elementor-accordion-icon elementor-accordion-icon-right\" aria-hidden=\"true\">\n\t\t\t\t\t\t\t\t\t\t\t\t\t\t\t<span class=\"elementor-accordion-icon-closed\"><i class=\"fas fa-plus\"><\/i><\/span>\n\t\t\t\t\t\t\t\t<span class=\"elementor-accordion-icon-opened\"><i class=\"fas fa-minus\"><\/i><\/span>\n\t\t\t\t\t\t\t\t\t\t\t\t\t\t<\/span>\n\t\t\t\t\t\t\t\t\t\t\t\t<a class=\"elementor-accordion-title\" href=\"\">SU\u00c8DE<p class=\"sub-schweden\"><\/p><\/a>\n\t\t\t\t\t<\/div>\n\t\t\t\t\t<div id=\"elementor-tab-content-81811\" class=\"elementor-tab-content elementor-clearfix\" data-tab=\"11\" role=\"tabpanel\" aria-labelledby=\"elementor-tab-title-81811\"><table>\n<tbody>\n<tr>\n<td width=\"50%\">\n<p class=\"p1\">Sk\u00e4lbyv\u00e4gen 4<br \/>SE &#8211; 155 35 Nykvarn<\/p>\n<\/td>\n<td width=\"50%\">\n<p class=\"p1\">T\u00e9l.: +46 8 550 999 80<br \/>E-Mail: <a href=\"mailto:gjs@gjsverktyg.se\">gjs@gjsverktyg.se<\/a><br \/>Internet: <a href=\"http:\/\/www.gjsverktyg.se\" target=\"_blank\" rel=\"noopener\">www.gjsverktyg.se<\/a><\/p>\n<\/td>\n<\/tr>\n<\/tbody>\n<\/table>\n<\/div>\n\t\t\t\t<\/div>\n\t\t\t\t\t\t\t<div class=\"elementor-accordion-item\">\n\t\t\t\t\t<div id=\"elementor-tab-title-81812\" class=\"elementor-tab-title\" data-tab=\"12\" role=\"tab\" aria-controls=\"elementor-tab-content-81812\" aria-expanded=\"false\">\n\t\t\t\t\t\t\t\t\t\t\t\t\t<span class=\"elementor-accordion-icon elementor-accordion-icon-right\" aria-hidden=\"true\">\n\t\t\t\t\t\t\t\t\t\t\t\t\t\t\t<span class=\"elementor-accordion-icon-closed\"><i class=\"fas fa-plus\"><\/i><\/span>\n\t\t\t\t\t\t\t\t<span class=\"elementor-accordion-icon-opened\"><i class=\"fas fa-minus\"><\/i><\/span>\n\t\t\t\t\t\t\t\t\t\t\t\t\t\t<\/span>\n\t\t\t\t\t\t\t\t\t\t\t\t<a class=\"elementor-accordion-title\" href=\"\">CROATIE, SERBIE, SLOV\u00c9NIE, BOSNIE ET HERZ\u00c9GOVINE, MAC\u00c9DOINE<p class=\"sub-ex-jugo\"><\/p><\/a>\n\t\t\t\t\t<\/div>\n\t\t\t\t\t<div id=\"elementor-tab-content-81812\" class=\"elementor-tab-content elementor-clearfix\" data-tab=\"12\" role=\"tabpanel\" aria-labelledby=\"elementor-tab-title-81812\"><table><tbody><tr><td width=\"50%\"><p class=\"p1\">Fulvio Marsetti<br \/>Ante Mandica 4a<br \/>51 000 Rijeka<br \/>Croazia<\/p><\/td><td width=\"50%\"><p class=\"p1\">T\u00e9l.: +39 030 74 35 675<br \/>Mobile: +39 349 81 02 319<br \/>E-Mail: <a href=\"mailto:info@pronavalis.com\">info@pronavalis.com<\/a><br \/>Internet: <a href=\"http:\/\/www.pronavalis.com\" target=\"_blank\" rel=\"noopener\">www.pronavalis.com<\/a><\/p><\/td><\/tr><\/tbody><\/table><\/div>\n\t\t\t\t<\/div>\n\t\t\t\t\t\t\t<div class=\"elementor-accordion-item\">\n\t\t\t\t\t<div id=\"elementor-tab-title-81813\" class=\"elementor-tab-title\" data-tab=\"13\" role=\"tab\" aria-controls=\"elementor-tab-content-81813\" aria-expanded=\"false\">\n\t\t\t\t\t\t\t\t\t\t\t\t\t<span class=\"elementor-accordion-icon elementor-accordion-icon-right\" aria-hidden=\"true\">\n\t\t\t\t\t\t\t\t\t\t\t\t\t\t\t<span class=\"elementor-accordion-icon-closed\"><i class=\"fas fa-plus\"><\/i><\/span>\n\t\t\t\t\t\t\t\t<span class=\"elementor-accordion-icon-opened\"><i class=\"fas fa-minus\"><\/i><\/span>\n\t\t\t\t\t\t\t\t\t\t\t\t\t\t<\/span>\n\t\t\t\t\t\t\t\t\t\t\t\t<a class=\"elementor-accordion-title\" href=\"\">BELGIQUE, PAYS-BAS <p class=\"company\">TES Bvba<\/p><\/a>\n\t\t\t\t\t<\/div>\n\t\t\t\t\t<div id=\"elementor-tab-content-81813\" class=\"elementor-tab-content elementor-clearfix\" data-tab=\"13\" role=\"tabpanel\" aria-labelledby=\"elementor-tab-title-81813\"><table><tbody><tr><td width=\"50%\"><div class=\"\"><div class=\"\"><div class=\"WordSection1\"><div class=\"\"><p>Stationsplein 51<\/p><div class=\"\"><div class=\"\"><div class=\"WordSection1\"><div class=\"\">8770 Ingelmunster<\/div><\/div><\/div><\/div><\/div><\/div><\/div><\/div><\/td><td width=\"50%\"><p class=\"p1\">T\u00e9l.: <span style=\"font-family: inherit; font-size: inherit;\">+32 51 33 10 00<br \/><\/span>E-Mail: <a class=\"\" style=\"font-family: inherit; font-size: inherit;\" href=\"mailto:kurt@tes-gears.be\"><span class=\"\" lang=\"EN-US\">kurt@tes-gears.be<\/span><\/a><br \/>Internet: <a class=\"\" style=\"font-family: inherit; font-size: inherit;\" href=\"http:\/\/www.tes-gears.be\/\">www.tes-gears.be<\/a><\/p><p class=\"p1\">\u00a0<\/p><\/td><\/tr><\/tbody><\/table><\/div>\n\t\t\t\t<\/div>\n\t\t\t\t\t\t\t<div class=\"elementor-accordion-item\">\n\t\t\t\t\t<div id=\"elementor-tab-title-81814\" class=\"elementor-tab-title\" data-tab=\"14\" role=\"tab\" aria-controls=\"elementor-tab-content-81814\" aria-expanded=\"false\">\n\t\t\t\t\t\t\t\t\t\t\t\t\t<span class=\"elementor-accordion-icon elementor-accordion-icon-right\" aria-hidden=\"true\">\n\t\t\t\t\t\t\t\t\t\t\t\t\t\t\t<span class=\"elementor-accordion-icon-closed\"><i class=\"fas fa-plus\"><\/i><\/span>\n\t\t\t\t\t\t\t\t<span class=\"elementor-accordion-icon-opened\"><i class=\"fas fa-minus\"><\/i><\/span>\n\t\t\t\t\t\t\t\t\t\t\t\t\t\t<\/span>\n\t\t\t\t\t\t\t\t\t\t\t\t<a class=\"elementor-accordion-title\" href=\"\">R\u00c9PUBLIQUE TCH\u00c8QUE<p class=\"sub-tschechisch\"><\/p><\/a>\n\t\t\t\t\t<\/div>\n\t\t\t\t\t<div id=\"elementor-tab-content-81814\" class=\"elementor-tab-content elementor-clearfix\" data-tab=\"14\" role=\"tabpanel\" aria-labelledby=\"elementor-tab-title-81814\"><table>\n<tbody>\n<tr>\n<td width=\"50%\">\n<p class=\"p1\">Mol\u00e1kova 8<br>\n628 00 Brno-L\u00ed\u0161e\u0148<\/p>\n<\/td>\n<td width=\"50%\">\n<p class=\"p1\">T\u00e9l.: +420 544-423 261<br>\nE-Mail: <a href=\"mailto:info@emugefranken.cz\">info@emugefranken.cz<\/a><br>\nInternet: <a href=\"https:\/\/www.emuge-franken-group.com\/cz\/cs\/\" target=\"_blank\" rel=\"noopener\">www.emuge-franken-group.com\/cz\/cs\/<\/a><\/p>\n<\/td>\n<\/tr>\n<\/tbody>\n<\/table><\/div>\n\t\t\t\t<\/div>\n\t\t\t\t\t\t\t\t<\/div>\n\t\t\t\t<\/div>\n\t\t\t\t<\/div>\n\t\t\t\t\t\t<\/div>\n\t\t\t\t\t<\/div>\n\t\t<\/div>\n\t\t\t\t\t\t\t\t<\/div>\n\t\t\t\t\t<\/div>\n\t\t<\/section>\n\t\t\t\t\t\t<\/div>\n\t\t\t\t\t\t<\/div>\n\t\t\t\t\t<\/div>\n\t\t","protected":false},"excerpt":{"rendered":"<p>Notre soci\u00e9t\u00e9 de Repr\u00e9sentations ALLEMAGNE Richard-Dehmel-Str. 19D-22926 Ahrensburg T\u00e9l.: +49 4102 778930E-Mail: info@stenzel-werkzeugtechnik.deInternet: www.stenzel-werkzeugtechnik.de GRANDE BRETAGNE Priorslee,Telford TF2 9NT T\u00e9l.: +44 20 3308 2900E-Mail: info@micronz.comInternet: www.micronz.co.uk \u00c9TATS-UNIS N48 W14170 Hampton AvenueMenomonee Falls WI 53051-6907 T\u00e9l.: +1 262 7816777Fax: +1 262 7812822E-mail: info@eurotechcorp.cominternet: www.eurotechcorp.com MEXIQUE EMUGE-FRANKEN S.A. de C.V. Anillo Vial II Fray Jun\u00edpero Serra No. [&hellip;]<\/p>\n","protected":false},"author":7,"featured_media":0,"parent":2774,"menu_order":0,"comment_status":"closed","ping_status":"closed","template":"","meta":[],"_links":{"self":[{"href":"https:\/\/www.mytec.de\/fr\/wp-json\/wp\/v2\/pages\/2796"}],"collection":[{"href":"https:\/\/www.mytec.de\/fr\/wp-json\/wp\/v2\/pages"}],"about":[{"href":"https:\/\/www.mytec.de\/fr\/wp-json\/wp\/v2\/types\/page"}],"author":[{"embeddable":true,"href":"https:\/\/www.mytec.de\/fr\/wp-json\/wp\/v2\/users\/7"}],"replies":[{"embeddable":true,"href":"https:\/\/www.mytec.de\/fr\/wp-json\/wp\/v2\/comments?post=2796"}],"version-history":[{"count":48,"href":"https:\/\/www.mytec.de\/fr\/wp-json\/wp\/v2\/pages\/2796\/revisions"}],"predecessor-version":[{"id":4555,"href":"https:\/\/www.mytec.de\/fr\/wp-json\/wp\/v2\/pages\/2796\/revisions\/4555"}],"up":[{"embeddable":true,"href":"https:\/\/www.mytec.de\/fr\/wp-json\/wp\/v2\/pages\/2774"}],"wp:attachment":[{"href":"https:\/\/www.mytec.de\/fr\/wp-json\/wp\/v2\/media?parent=2796"}],"curies":[{"name":"wp","href":"https:\/\/api.w.org\/{rel}","templated":true}]}}