{"id":3583,"date":"2021-09-07T12:05:12","date_gmt":"2021-09-07T12:05:12","guid":{"rendered":"https:\/\/www.mytec.de\/optimisation-des-temps-de-reglage-2\/"},"modified":"2023-03-01T07:43:00","modified_gmt":"2023-03-01T07:43:00","slug":"optimisation-des-temps-de-reglage-2","status":"publish","type":"page","link":"https:\/\/www.mytec.de\/fr\/optimisation-des-temps-de-reglage-2\/","title":{"rendered":"Optimisation des temps de r\u00e9glage 2"},"content":{"rendered":"\t\t<div data-elementor-type=\"wp-page\" data-elementor-id=\"3583\" class=\"elementor elementor-3583 elementor-3439\" data-elementor-settings=\"[]\">\n\t\t\t\t\t\t<div class=\"elementor-inner\">\n\t\t\t\t\t\t\t<div class=\"elementor-section-wrap\">\n\t\t\t\t\t\t\t<section class=\"elementor-section elementor-top-section elementor-element elementor-element-2472e489 elementor-section-content-top sektion elementor-section-boxed elementor-section-height-default elementor-section-height-default\" data-id=\"2472e489\" data-element_type=\"section\" data-settings=\"{&quot;background_background&quot;:&quot;classic&quot;}\">\n\t\t\t\t\t\t<div class=\"elementor-container elementor-column-gap-no\">\n\t\t\t\t\t\t\t<div class=\"elementor-row\">\n\t\t\t\t\t<div class=\"elementor-column elementor-col-100 elementor-top-column elementor-element elementor-element-4e752217\" data-id=\"4e752217\" data-element_type=\"column\">\n\t\t\t<div class=\"elementor-column-wrap elementor-element-populated\">\n\t\t\t\t\t\t\t<div class=\"elementor-widget-wrap\">\n\t\t\t\t\t\t<section class=\"elementor-section elementor-inner-section elementor-element elementor-element-2d6fed7f elementor-section-boxed elementor-section-height-default elementor-section-height-default\" data-id=\"2d6fed7f\" data-element_type=\"section\">\n\t\t\t\t\t\t<div class=\"elementor-container elementor-column-gap-default\">\n\t\t\t\t\t\t\t<div class=\"elementor-row\">\n\t\t\t\t\t<div class=\"elementor-column elementor-col-100 elementor-inner-column elementor-element elementor-element-2f9739fc\" data-id=\"2f9739fc\" data-element_type=\"column\">\n\t\t\t<div class=\"elementor-column-wrap elementor-element-populated\">\n\t\t\t\t\t\t\t<div class=\"elementor-widget-wrap\">\n\t\t\t\t\t\t<div class=\"elementor-element elementor-element-25c1cf51 elementor-widget__width-auto elementor-widget elementor-widget-heading\" data-id=\"25c1cf51\" data-element_type=\"widget\" data-widget_type=\"heading.default\">\n\t\t\t\t<div class=\"elementor-widget-container\">\n\t\t\t<h1 class=\"elementor-heading-title elementor-size-default\">Rectification des engrenages <br>sur machines Kapp Niles KX300 avec <br><span style=\"color: #C90C0F;\">mandrin hydraulique<\/span><\/h1>\t\t<\/div>\n\t\t\t\t<\/div>\n\t\t\t\t\t\t<\/div>\n\t\t\t\t\t<\/div>\n\t\t<\/div>\n\t\t\t\t\t\t\t\t<\/div>\n\t\t\t\t\t<\/div>\n\t\t<\/section>\n\t\t\t\t<section class=\"elementor-section elementor-inner-section elementor-element elementor-element-1e00cedf elementor-section-boxed elementor-section-height-default elementor-section-height-default\" data-id=\"1e00cedf\" data-element_type=\"section\">\n\t\t\t\t\t\t<div class=\"elementor-container elementor-column-gap-default\">\n\t\t\t\t\t\t\t<div class=\"elementor-row\">\n\t\t\t\t\t<div class=\"elementor-column elementor-col-100 elementor-inner-column elementor-element elementor-element-49ce35d7\" data-id=\"49ce35d7\" data-element_type=\"column\">\n\t\t\t<div class=\"elementor-column-wrap elementor-element-populated\">\n\t\t\t\t\t\t\t<div class=\"elementor-widget-wrap\">\n\t\t\t\t\t\t<div class=\"elementor-element elementor-element-315e8ed2 elementor-widget elementor-widget-text-editor\" data-id=\"315e8ed2\" data-element_type=\"widget\" data-widget_type=\"text-editor.default\">\n\t\t\t\t<div class=\"elementor-widget-container\">\n\t\t\t\t\t\t\t\t<div class=\"elementor-text-editor elementor-clearfix\">\n\t\t\t\t\t<p>Le client est confront\u00e9 \u00e0 une tr\u00e8s grande diversit\u00e9 de pi\u00e8ces et cette diversit\u00e9 de pi\u00e8ces n\u00e9cessitait un arbre lise rigide pour chacune d\u2019entre elles. Elle est serr\u00e9e uniquement de fa\u00e7on axiale. Ces pi\u00e8ces devant \u00eatre rectifi\u00e9es, elles doivent \u00eatre parfaitement align\u00e9es sur ces arbres lisses et rigides. Les changements de pi\u00e8ces \u00e0 rectifier n\u00e9cessitaient donc des changements complets de <span style=\"color: #c90c0f;\">syst\u00e8mes de serrage<\/span> correspondant \u00e0 chaque nouvelle taille de pi\u00e8ces \u00e0 produire. L\u2019alignement du <span style=\"color: #c90c0f;\">syst\u00e8me de serrage<\/span> entra\u00eenait des temps de mise en place et donc de non production importante sur cette machine.<\/p>\n\t\t\t\t\t<\/div>\n\t\t\t\t\t\t<\/div>\n\t\t\t\t<\/div>\n\t\t\t\t\t\t<\/div>\n\t\t\t\t\t<\/div>\n\t\t<\/div>\n\t\t\t\t\t\t\t\t<\/div>\n\t\t\t\t\t<\/div>\n\t\t<\/section>\n\t\t\t\t\t\t<\/div>\n\t\t\t\t\t<\/div>\n\t\t<\/div>\n\t\t\t\t\t\t\t\t<\/div>\n\t\t\t\t\t<\/div>\n\t\t<\/section>\n\t\t\t\t<section class=\"elementor-section elementor-top-section elementor-element elementor-element-5b0aaa67 elementor-section-stretched sektion elementor-section-boxed elementor-section-height-default elementor-section-height-default\" data-id=\"5b0aaa67\" data-element_type=\"section\" data-settings=\"{&quot;stretch_section&quot;:&quot;section-stretched&quot;}\">\n\t\t\t\t\t\t<div class=\"elementor-container elementor-column-gap-no\">\n\t\t\t\t\t\t\t<div class=\"elementor-row\">\n\t\t\t\t\t<div class=\"elementor-column elementor-col-100 elementor-top-column elementor-element elementor-element-239a6901 roter-rahmen\" data-id=\"239a6901\" data-element_type=\"column\">\n\t\t\t<div class=\"elementor-column-wrap elementor-element-populated\">\n\t\t\t\t\t\t\t<div class=\"elementor-widget-wrap\">\n\t\t\t\t\t\t<section class=\"elementor-section elementor-inner-section elementor-element elementor-element-7f37f6c5 elementor-section-boxed elementor-section-height-default elementor-section-height-default\" data-id=\"7f37f6c5\" data-element_type=\"section\">\n\t\t\t\t\t\t<div class=\"elementor-container elementor-column-gap-default\">\n\t\t\t\t\t\t\t<div class=\"elementor-row\">\n\t\t\t\t\t<div class=\"elementor-column elementor-col-100 elementor-inner-column elementor-element elementor-element-539c6df2\" data-id=\"539c6df2\" data-element_type=\"column\">\n\t\t\t<div class=\"elementor-column-wrap elementor-element-populated\">\n\t\t\t\t\t\t\t<div class=\"elementor-widget-wrap\">\n\t\t\t\t\t\t<div class=\"elementor-element elementor-element-5e4ba667 elementor-widget elementor-widget-image\" data-id=\"5e4ba667\" data-element_type=\"widget\" data-widget_type=\"image.default\">\n\t\t\t\t<div class=\"elementor-widget-container\">\n\t\t\t\t\t\t\t\t<div class=\"elementor-image\">\n\t\t\t\t\t\t\t\t\t\t\t\t<img width=\"1270\" height=\"711\" src=\"https:\/\/www.mytec.de\/wp-content\/uploads\/2021\/06\/Hydrodehnspannfutter-Waelzschleifen.jpg\" class=\"attachment-full size-full\" alt=\"Mandrins expansibles hydrauliques - technologie de serrage\" loading=\"lazy\" srcset=\"https:\/\/www.mytec.de\/wp-content\/uploads\/2021\/06\/Hydrodehnspannfutter-Waelzschleifen.jpg 1270w, https:\/\/www.mytec.de\/wp-content\/uploads\/2021\/06\/Hydrodehnspannfutter-Waelzschleifen-300x168.jpg 300w, https:\/\/www.mytec.de\/wp-content\/uploads\/2021\/06\/Hydrodehnspannfutter-Waelzschleifen-1024x573.jpg 1024w, https:\/\/www.mytec.de\/wp-content\/uploads\/2021\/06\/Hydrodehnspannfutter-Waelzschleifen-768x430.jpg 768w\" sizes=\"(max-width: 1270px) 100vw, 1270px\" \/>\t\t\t\t\t\t\t\t\t\t\t\t\t\t<\/div>\n\t\t\t\t\t\t<\/div>\n\t\t\t\t<\/div>\n\t\t\t\t\t\t<\/div>\n\t\t\t\t\t<\/div>\n\t\t<\/div>\n\t\t\t\t\t\t\t\t<\/div>\n\t\t\t\t\t<\/div>\n\t\t<\/section>\n\t\t\t\t\t\t<\/div>\n\t\t\t\t\t<\/div>\n\t\t<\/div>\n\t\t\t\t\t\t\t\t<\/div>\n\t\t\t\t\t<\/div>\n\t\t<\/section>\n\t\t\t\t<section class=\"elementor-section elementor-top-section elementor-element elementor-element-2b7b8d99 elementor-section-boxed elementor-section-height-default elementor-section-height-default\" data-id=\"2b7b8d99\" data-element_type=\"section\">\n\t\t\t\t\t\t<div class=\"elementor-container elementor-column-gap-default\">\n\t\t\t\t\t\t\t<div class=\"elementor-row\">\n\t\t\t\t\t<div class=\"elementor-column elementor-col-100 elementor-top-column elementor-element elementor-element-8f76b81\" data-id=\"8f76b81\" data-element_type=\"column\">\n\t\t\t<div class=\"elementor-column-wrap elementor-element-populated\">\n\t\t\t\t\t\t\t<div class=\"elementor-widget-wrap\">\n\t\t\t\t\t\t<section class=\"elementor-section elementor-inner-section elementor-element elementor-element-14657549 elementor-section-boxed elementor-section-height-default elementor-section-height-default\" data-id=\"14657549\" data-element_type=\"section\">\n\t\t\t\t\t\t<div class=\"elementor-container elementor-column-gap-default\">\n\t\t\t\t\t\t\t<div class=\"elementor-row\">\n\t\t\t\t\t<div class=\"elementor-column elementor-col-100 elementor-inner-column elementor-element elementor-element-16c7747b\" data-id=\"16c7747b\" data-element_type=\"column\">\n\t\t\t<div class=\"elementor-column-wrap elementor-element-populated\">\n\t\t\t\t\t\t\t<div class=\"elementor-widget-wrap\">\n\t\t\t\t\t\t<div class=\"elementor-element elementor-element-1efd9017 elementor-widget elementor-widget-text-editor\" data-id=\"1efd9017\" data-element_type=\"widget\" data-widget_type=\"text-editor.default\">\n\t\t\t\t<div class=\"elementor-widget-container\">\n\t\t\t\t\t\t\t\t<div class=\"elementor-text-editor elementor-clearfix\">\n\t\t\t\t\t<p>Nous avons \u00e9quip\u00e9 la machine Kapp Niles KX300 du client d\u2019un <a href=\"https:\/\/www.mytec.de\/fr\/produits\/mandrin-de-serrage-hydra\/\"><span style=\"color: #c90c0f;\">mandrin \u00e0 expansion hydraulique<\/span><\/a> comme dispositif de base avec possibilit\u00e9 de changer rapidement de diam\u00e8tres de serrage et surtout plus aucun besoin en alignement de pi\u00e8ce. avec possibilit\u00e9 de changer rapidement de diam\u00e8tres de serrage et surtout plus aucun besoin en alignement de pi\u00e8ce.<\/p><p>Nos <a href=\"https:\/\/www.mytec.de\/fr\/produits\/mandrin-de-serrage-hydra\/\"><span style=\"color: #c90c0f;\">mandrins hydrauliques<\/span><\/a> pr\u00e9sentent une concentricit\u00e9 et une r\u00e9p\u00e9tabilit\u00e9 tr\u00e8s \u00e9lev\u00e9es, inf\u00e9rieures \u00e0 3 \u00b5m, et une excellente r\u00e9sistance \u00e0 l\u2019usure.<\/p><p>Depuis, le <span style=\"color: #c90c0f;\">serrage des pi\u00e8ces<\/span> est effectu\u00e9 par des <a href=\"https:\/\/www.mytec.de\/fr\/produits\/outil-de-serrage-mecanique-hydra\/\"><span style=\"color: #c90c0f;\">dispositifs de serrage hydrom\u00e9caniques<\/span><\/a> interchangeables. Diff\u00e9rentes pinces de serrage interchangeables (syst\u00e8me modulaire De notre proposition en <a href=\"https:\/\/www.mytec.de\/fr\/produits\/outil-de-serrage-mecanique-hydra\/\"><span style=\"color: #c90c0f;\">dispositif de serrage<\/span><\/a>) permettent au client de serrer et d\u2019usiner diff\u00e9rentes pi\u00e8ces avec une grande pr\u00e9cision. Le remplacement des pinces de serrage est tr\u00e8s simple et rapide.<\/p><p class=\"p1\"><span class=\"s1\">Ce <a href=\"https:\/\/www.mytec.de\/fr\/produits\/outil-de-serrage-mecanique-hydra\/\">dispositif de serrage<\/a> avec bagues interchangeables est command\u00e9 par le syst\u00e8me hydraulique de la machine. Les mandrins de <a href=\"https:\/\/www.mytec.de\/fr\/produits\/outil-de-serrage-mecanique-hydra\/\">serrage hydrom\u00e9caniques<\/a> combinent la robustesse des dispositifs de serrage m\u00e9caniques avec la haute fonctionnalit\u00e9 des <a href=\"https:\/\/www.mytec.de\/fr\/produits\/outil-de-serrage-mecanique-hydra\/\">dispositifs de serrage<\/a> hydrauliques.<\/span><\/p><p>Le client a depuis \u00e9quip\u00e9 sa machine Kapp Niles KX300 d\u2019un syst\u00e8me de chargement d\u00e9chargement automatis\u00e9 et utilise nos <a href=\"https:\/\/www.mytec.de\/fr\/produits\/outil-de-serrage-mecanique-hydra\/\"><span style=\"color: #c90c0f;\">dispositifs de serrage<\/span><\/a> dans un process d\u2019usinage enti\u00e8rement automatis\u00e9.<\/p>\t\t\t\t\t<\/div>\n\t\t\t\t\t\t<\/div>\n\t\t\t\t<\/div>\n\t\t\t\t\t\t<\/div>\n\t\t\t\t\t<\/div>\n\t\t<\/div>\n\t\t\t\t\t\t\t\t<\/div>\n\t\t\t\t\t<\/div>\n\t\t<\/section>\n\t\t\t\t\t\t<\/div>\n\t\t\t\t\t<\/div>\n\t\t<\/div>\n\t\t\t\t\t\t\t\t<\/div>\n\t\t\t\t\t<\/div>\n\t\t<\/section>\n\t\t\t\t\t\t<\/div>\n\t\t\t\t\t\t<\/div>\n\t\t\t\t\t<\/div>\n\t\t","protected":false},"excerpt":{"rendered":"<p>Rectification des engrenages sur machines Kapp Niles KX300 avec mandrin hydraulique Le client est confront\u00e9 \u00e0 une tr\u00e8s grande diversit\u00e9 de pi\u00e8ces et cette diversit\u00e9 de pi\u00e8ces n\u00e9cessitait un arbre lise rigide pour chacune d\u2019entre elles. Elle est serr\u00e9e uniquement de fa\u00e7on axiale. Ces pi\u00e8ces devant \u00eatre rectifi\u00e9es, elles doivent \u00eatre parfaitement align\u00e9es sur ces [&hellip;]<\/p>\n","protected":false},"author":7,"featured_media":0,"parent":0,"menu_order":2,"comment_status":"closed","ping_status":"closed","template":"","meta":[],"_links":{"self":[{"href":"https:\/\/www.mytec.de\/fr\/wp-json\/wp\/v2\/pages\/3583"}],"collection":[{"href":"https:\/\/www.mytec.de\/fr\/wp-json\/wp\/v2\/pages"}],"about":[{"href":"https:\/\/www.mytec.de\/fr\/wp-json\/wp\/v2\/types\/page"}],"author":[{"embeddable":true,"href":"https:\/\/www.mytec.de\/fr\/wp-json\/wp\/v2\/users\/7"}],"replies":[{"embeddable":true,"href":"https:\/\/www.mytec.de\/fr\/wp-json\/wp\/v2\/comments?post=3583"}],"version-history":[{"count":9,"href":"https:\/\/www.mytec.de\/fr\/wp-json\/wp\/v2\/pages\/3583\/revisions"}],"predecessor-version":[{"id":4384,"href":"https:\/\/www.mytec.de\/fr\/wp-json\/wp\/v2\/pages\/3583\/revisions\/4384"}],"wp:attachment":[{"href":"https:\/\/www.mytec.de\/fr\/wp-json\/wp\/v2\/media?parent=3583"}],"curies":[{"name":"wp","href":"https:\/\/api.w.org\/{rel}","templated":true}]}}