{"id":3587,"date":"2021-09-07T12:17:53","date_gmt":"2021-09-07T12:17:53","guid":{"rendered":"https:\/\/www.mytec.de\/reduction-des-couts-de-production\/"},"modified":"2021-09-09T08:55:49","modified_gmt":"2021-09-09T08:55:49","slug":"reduction-des-couts-de-production","status":"publish","type":"page","link":"https:\/\/www.mytec.de\/fr\/reduction-des-couts-de-production\/","title":{"rendered":"R\u00e9duction des co\u00fbts de production"},"content":{"rendered":"\t\t<div data-elementor-type=\"wp-page\" data-elementor-id=\"3587\" class=\"elementor elementor-3587 elementor-3412\" data-elementor-settings=\"[]\">\n\t\t\t\t\t\t<div class=\"elementor-inner\">\n\t\t\t\t\t\t\t<div class=\"elementor-section-wrap\">\n\t\t\t\t\t\t\t<section class=\"elementor-section elementor-top-section elementor-element elementor-element-ce2c171 elementor-section-content-top sektion elementor-section-boxed elementor-section-height-default elementor-section-height-default\" data-id=\"ce2c171\" data-element_type=\"section\" data-settings=\"{&quot;background_background&quot;:&quot;classic&quot;}\">\n\t\t\t\t\t\t<div class=\"elementor-container elementor-column-gap-no\">\n\t\t\t\t\t\t\t<div class=\"elementor-row\">\n\t\t\t\t\t<div class=\"elementor-column elementor-col-100 elementor-top-column elementor-element elementor-element-15ec3339\" data-id=\"15ec3339\" data-element_type=\"column\">\n\t\t\t<div class=\"elementor-column-wrap elementor-element-populated\">\n\t\t\t\t\t\t\t<div class=\"elementor-widget-wrap\">\n\t\t\t\t\t\t<section class=\"elementor-section elementor-inner-section elementor-element elementor-element-4a292cca elementor-section-boxed elementor-section-height-default elementor-section-height-default\" data-id=\"4a292cca\" data-element_type=\"section\">\n\t\t\t\t\t\t<div class=\"elementor-container elementor-column-gap-default\">\n\t\t\t\t\t\t\t<div class=\"elementor-row\">\n\t\t\t\t\t<div class=\"elementor-column elementor-col-100 elementor-inner-column elementor-element elementor-element-3752a244\" data-id=\"3752a244\" data-element_type=\"column\">\n\t\t\t<div class=\"elementor-column-wrap elementor-element-populated\">\n\t\t\t\t\t\t\t<div class=\"elementor-widget-wrap\">\n\t\t\t\t\t\t<div class=\"elementor-element elementor-element-37c2add7 elementor-widget__width-auto elementor-widget elementor-widget-heading\" data-id=\"37c2add7\" data-element_type=\"widget\" data-widget_type=\"heading.default\">\n\t\t\t\t<div class=\"elementor-widget-container\">\n\t\t\t<h1 class=\"elementor-heading-title elementor-size-default\">R\u00e9duction des co\u00fbts de production pour la fabrication des engrenages plan\u00e9taires gr\u00e2ce \u00e0 l\u2019utilisation de nos <br><span style=\"color: #C90C0F;\">mandrins expansibles hydrauliques<\/span>.<\/h1>\t\t<\/div>\n\t\t\t\t<\/div>\n\t\t\t\t\t\t<\/div>\n\t\t\t\t\t<\/div>\n\t\t<\/div>\n\t\t\t\t\t\t\t\t<\/div>\n\t\t\t\t\t<\/div>\n\t\t<\/section>\n\t\t\t\t<section class=\"elementor-section elementor-inner-section elementor-element elementor-element-66201d91 elementor-section-boxed elementor-section-height-default elementor-section-height-default\" data-id=\"66201d91\" data-element_type=\"section\">\n\t\t\t\t\t\t<div class=\"elementor-container elementor-column-gap-default\">\n\t\t\t\t\t\t\t<div class=\"elementor-row\">\n\t\t\t\t\t<div class=\"elementor-column elementor-col-100 elementor-inner-column elementor-element elementor-element-7e702779\" data-id=\"7e702779\" data-element_type=\"column\">\n\t\t\t<div class=\"elementor-column-wrap elementor-element-populated\">\n\t\t\t\t\t\t\t<div class=\"elementor-widget-wrap\">\n\t\t\t\t\t\t<div class=\"elementor-element elementor-element-4306ec33 elementor-widget elementor-widget-text-editor\" data-id=\"4306ec33\" data-element_type=\"widget\" data-widget_type=\"text-editor.default\">\n\t\t\t\t<div class=\"elementor-widget-container\">\n\t\t\t\t\t\t\t\t<div class=\"elementor-text-editor elementor-clearfix\">\n\t\t\t\t\t<p>Avant de faire appel \u00e0 nous, les dentures des roues plan\u00e9taires produites, devaient \u00eatre rectifi\u00e9es apr\u00e8s fraisage afin de pouvoir respecter les tol\u00e9rances de forme et de position, impos\u00e9es par les bureau d\u2019\u00e9tudes. Le client fraisait les engrenages plan\u00e9taires sur des machines Gleason Pfauter P60 et Gleason Pfauter P90 avec une grande pr\u00e9cision, ce qui permettait de faire l\u2019\u00e9conomie du processus de rectification sur des machines de rectification d\u2019engrenages Reishauer. Une application id\u00e9ale pour nos solutions de mandrins expansibles hydrauliques.<\/p>\n\t\t\t\t\t<\/div>\n\t\t\t\t\t\t<\/div>\n\t\t\t\t<\/div>\n\t\t\t\t\t\t<\/div>\n\t\t\t\t\t<\/div>\n\t\t<\/div>\n\t\t\t\t\t\t\t\t<\/div>\n\t\t\t\t\t<\/div>\n\t\t<\/section>\n\t\t\t\t\t\t<\/div>\n\t\t\t\t\t<\/div>\n\t\t<\/div>\n\t\t\t\t\t\t\t\t<\/div>\n\t\t\t\t\t<\/div>\n\t\t<\/section>\n\t\t\t\t<section class=\"elementor-section elementor-top-section elementor-element elementor-element-5c3f81bc elementor-section-stretched sektion elementor-section-boxed elementor-section-height-default elementor-section-height-default\" data-id=\"5c3f81bc\" data-element_type=\"section\" data-settings=\"{&quot;stretch_section&quot;:&quot;section-stretched&quot;}\">\n\t\t\t\t\t\t<div class=\"elementor-container elementor-column-gap-no\">\n\t\t\t\t\t\t\t<div class=\"elementor-row\">\n\t\t\t\t\t<div class=\"elementor-column elementor-col-100 elementor-top-column elementor-element elementor-element-3e722ebd roter-rahmen\" data-id=\"3e722ebd\" data-element_type=\"column\">\n\t\t\t<div class=\"elementor-column-wrap elementor-element-populated\">\n\t\t\t\t\t\t\t<div class=\"elementor-widget-wrap\">\n\t\t\t\t\t\t<section class=\"elementor-section elementor-inner-section elementor-element elementor-element-33b75661 elementor-section-boxed elementor-section-height-default elementor-section-height-default\" data-id=\"33b75661\" data-element_type=\"section\">\n\t\t\t\t\t\t<div class=\"elementor-container elementor-column-gap-default\">\n\t\t\t\t\t\t\t<div class=\"elementor-row\">\n\t\t\t\t\t<div class=\"elementor-column elementor-col-100 elementor-inner-column elementor-element elementor-element-5a305d4f\" data-id=\"5a305d4f\" data-element_type=\"column\">\n\t\t\t<div class=\"elementor-column-wrap elementor-element-populated\">\n\t\t\t\t\t\t\t<div class=\"elementor-widget-wrap\">\n\t\t\t\t\t\t<div class=\"elementor-element elementor-element-1c78f9e1 elementor-widget elementor-widget-image\" data-id=\"1c78f9e1\" data-element_type=\"widget\" data-widget_type=\"image.default\">\n\t\t\t\t<div class=\"elementor-widget-container\">\n\t\t\t\t\t\t\t\t<div class=\"elementor-image\">\n\t\t\t\t\t\t\t\t\t\t\t\t<img width=\"1980\" height=\"1080\" src=\"https:\/\/www.mytec.de\/wp-content\/uploads\/2021\/06\/hydrodehnspanndorn-verzahnungs-waelzschleifen.jpg\" class=\"attachment-full size-full\" alt=\"Mandrin d&#039;expansion hydraulique - roulement d&#039;engrenage\" loading=\"lazy\" srcset=\"https:\/\/www.mytec.de\/wp-content\/uploads\/2021\/06\/hydrodehnspanndorn-verzahnungs-waelzschleifen.jpg 1980w, https:\/\/www.mytec.de\/wp-content\/uploads\/2021\/06\/hydrodehnspanndorn-verzahnungs-waelzschleifen-300x164.jpg 300w, https:\/\/www.mytec.de\/wp-content\/uploads\/2021\/06\/hydrodehnspanndorn-verzahnungs-waelzschleifen-1024x559.jpg 1024w, https:\/\/www.mytec.de\/wp-content\/uploads\/2021\/06\/hydrodehnspanndorn-verzahnungs-waelzschleifen-768x419.jpg 768w, https:\/\/www.mytec.de\/wp-content\/uploads\/2021\/06\/hydrodehnspanndorn-verzahnungs-waelzschleifen-1536x838.jpg 1536w\" sizes=\"(max-width: 1980px) 100vw, 1980px\" \/>\t\t\t\t\t\t\t\t\t\t\t\t\t\t<\/div>\n\t\t\t\t\t\t<\/div>\n\t\t\t\t<\/div>\n\t\t\t\t\t\t<\/div>\n\t\t\t\t\t<\/div>\n\t\t<\/div>\n\t\t\t\t\t\t\t\t<\/div>\n\t\t\t\t\t<\/div>\n\t\t<\/section>\n\t\t\t\t\t\t<\/div>\n\t\t\t\t\t<\/div>\n\t\t<\/div>\n\t\t\t\t\t\t\t\t<\/div>\n\t\t\t\t\t<\/div>\n\t\t<\/section>\n\t\t\t\t<section class=\"elementor-section elementor-top-section elementor-element elementor-element-5f114fab elementor-section-boxed elementor-section-height-default elementor-section-height-default\" data-id=\"5f114fab\" data-element_type=\"section\">\n\t\t\t\t\t\t<div class=\"elementor-container elementor-column-gap-default\">\n\t\t\t\t\t\t\t<div class=\"elementor-row\">\n\t\t\t\t\t<div class=\"elementor-column elementor-col-100 elementor-top-column elementor-element elementor-element-6b84ae3\" data-id=\"6b84ae3\" data-element_type=\"column\">\n\t\t\t<div class=\"elementor-column-wrap elementor-element-populated\">\n\t\t\t\t\t\t\t<div class=\"elementor-widget-wrap\">\n\t\t\t\t\t\t<section class=\"elementor-section elementor-inner-section elementor-element elementor-element-110eef43 elementor-section-boxed elementor-section-height-default elementor-section-height-default\" data-id=\"110eef43\" data-element_type=\"section\">\n\t\t\t\t\t\t<div class=\"elementor-container elementor-column-gap-default\">\n\t\t\t\t\t\t\t<div class=\"elementor-row\">\n\t\t\t\t\t<div class=\"elementor-column elementor-col-100 elementor-inner-column elementor-element elementor-element-441b5475\" data-id=\"441b5475\" data-element_type=\"column\">\n\t\t\t<div class=\"elementor-column-wrap elementor-element-populated\">\n\t\t\t\t\t\t\t<div class=\"elementor-widget-wrap\">\n\t\t\t\t\t\t<div class=\"elementor-element elementor-element-6ca50e05 elementor-widget elementor-widget-text-editor\" data-id=\"6ca50e05\" data-element_type=\"widget\" data-widget_type=\"text-editor.default\">\n\t\t\t\t<div class=\"elementor-widget-container\">\n\t\t\t\t\t\t\t\t<div class=\"elementor-text-editor elementor-clearfix\">\n\t\t\t\t\t<p>Lors du taillage d\u2019engrenage, des forces axiales, radiales et de torsion \u00e9lev\u00e9es agissent sur la pi\u00e8ce \u00e0 serrer, et par cons\u00e9quent sur le <span style=\"color: #c90c0f;\">syst\u00e8me de serrage<\/span>. Dans ce cas, l\u2019utilisation d\u2019un <span style=\"color: #c90c0f;\">mandrin expansible hydraulique<\/span> avec une conception innovante de la zone d\u2019expansion, associ\u00e9e \u00e0 un rev\u00eatement et \u00e0 un contre-appui, ont permis d\u2019atteindre une pr\u00e9cision de fabrication de 3 \u00b5m lors du taillage de ces engrenages.<\/p>\n<p>Nos <span style=\"color: #c90c0f;\"><span style=\"color: #c90c0f;\">mandrins d\u2019expansion hydraulique<\/span><\/span> pr\u00e9sentent une concentricit\u00e9 et une r\u00e9p\u00e9tabilit\u00e9 tr\u00e8s \u00e9lev\u00e9es, inf\u00e9rieures \u00e0 3 \u00b5m. De plus, ils pr\u00e9sentent une excellente r\u00e9sistance \u00e0 l\u2019usure.<\/p>\n<p>La production de ces roues plan\u00e9taires est enti\u00e8rement automatis\u00e9e, le <span style=\"color: #c90c0f;\">syst\u00e8me de serrage<\/span> est motoris\u00e9. La pi\u00e8ce est charg\u00e9e par un syst\u00e8me de manutention enti\u00e8rement automatis\u00e9. Parall\u00e8lement \u00e0 la suppression de l\u2019op\u00e9ration de rectification des engrenages et \u00e0 la r\u00e9duction des co\u00fbts qui en d\u00e9coule, la dur\u00e9e de vie \u00e9lev\u00e9e de nos mandrins \u00e0 expansion hydraulique contribue \u00e0 une \u00e9conomie importante des couts de production. La dur\u00e9e de vie de nos moyens de serrage est ici en moyenne de 500 000 cycles.<\/p>\n\t\t\t\t\t<\/div>\n\t\t\t\t\t\t<\/div>\n\t\t\t\t<\/div>\n\t\t\t\t\t\t<\/div>\n\t\t\t\t\t<\/div>\n\t\t<\/div>\n\t\t\t\t\t\t\t\t<\/div>\n\t\t\t\t\t<\/div>\n\t\t<\/section>\n\t\t\t\t\t\t<\/div>\n\t\t\t\t\t<\/div>\n\t\t<\/div>\n\t\t\t\t\t\t\t\t<\/div>\n\t\t\t\t\t<\/div>\n\t\t<\/section>\n\t\t\t\t\t\t<\/div>\n\t\t\t\t\t\t<\/div>\n\t\t\t\t\t<\/div>\n\t\t","protected":false},"excerpt":{"rendered":"<p>R\u00e9duction des co\u00fbts de production pour la fabrication des engrenages plan\u00e9taires gr\u00e2ce \u00e0 l\u2019utilisation de nos mandrins expansibles hydrauliques. Avant de faire appel \u00e0 nous, les dentures des roues plan\u00e9taires produites, devaient \u00eatre rectifi\u00e9es apr\u00e8s fraisage afin de pouvoir respecter les tol\u00e9rances de forme et de position, impos\u00e9es par les bureau d\u2019\u00e9tudes. Le client fraisait [&hellip;]<\/p>\n","protected":false},"author":7,"featured_media":0,"parent":0,"menu_order":2,"comment_status":"closed","ping_status":"closed","template":"","meta":[],"_links":{"self":[{"href":"https:\/\/www.mytec.de\/fr\/wp-json\/wp\/v2\/pages\/3587"}],"collection":[{"href":"https:\/\/www.mytec.de\/fr\/wp-json\/wp\/v2\/pages"}],"about":[{"href":"https:\/\/www.mytec.de\/fr\/wp-json\/wp\/v2\/types\/page"}],"author":[{"embeddable":true,"href":"https:\/\/www.mytec.de\/fr\/wp-json\/wp\/v2\/users\/7"}],"replies":[{"embeddable":true,"href":"https:\/\/www.mytec.de\/fr\/wp-json\/wp\/v2\/comments?post=3587"}],"version-history":[{"count":8,"href":"https:\/\/www.mytec.de\/fr\/wp-json\/wp\/v2\/pages\/3587\/revisions"}],"predecessor-version":[{"id":3698,"href":"https:\/\/www.mytec.de\/fr\/wp-json\/wp\/v2\/pages\/3587\/revisions\/3698"}],"wp:attachment":[{"href":"https:\/\/www.mytec.de\/fr\/wp-json\/wp\/v2\/media?parent=3587"}],"curies":[{"name":"wp","href":"https:\/\/api.w.org\/{rel}","templated":true}]}}