{"id":3593,"date":"2021-09-07T12:25:10","date_gmt":"2021-09-07T12:25:10","guid":{"rendered":"https:\/\/www.mytec.de\/augmentation-de-lefficacite\/"},"modified":"2021-09-09T12:33:36","modified_gmt":"2021-09-09T12:33:36","slug":"augmentation-de-lefficacite","status":"publish","type":"page","link":"https:\/\/www.mytec.de\/fr\/augmentation-de-lefficacite\/","title":{"rendered":"Augmentation de l&rsquo;efficacit\u00e9"},"content":{"rendered":"\t\t<div data-elementor-type=\"wp-page\" data-elementor-id=\"3593\" class=\"elementor elementor-3593 elementor-3441\" data-elementor-settings=\"[]\">\n\t\t\t\t\t\t<div class=\"elementor-inner\">\n\t\t\t\t\t\t\t<div class=\"elementor-section-wrap\">\n\t\t\t\t\t\t\t<section class=\"elementor-section elementor-top-section elementor-element elementor-element-6a23214d elementor-section-content-top sektion elementor-section-boxed elementor-section-height-default elementor-section-height-default\" data-id=\"6a23214d\" data-element_type=\"section\" data-settings=\"{&quot;background_background&quot;:&quot;classic&quot;}\">\n\t\t\t\t\t\t<div class=\"elementor-container elementor-column-gap-no\">\n\t\t\t\t\t\t\t<div class=\"elementor-row\">\n\t\t\t\t\t<div class=\"elementor-column elementor-col-100 elementor-top-column elementor-element elementor-element-5867c73a\" data-id=\"5867c73a\" data-element_type=\"column\">\n\t\t\t<div class=\"elementor-column-wrap elementor-element-populated\">\n\t\t\t\t\t\t\t<div class=\"elementor-widget-wrap\">\n\t\t\t\t\t\t<section class=\"elementor-section elementor-inner-section elementor-element elementor-element-67ab7cb4 elementor-section-boxed elementor-section-height-default elementor-section-height-default\" data-id=\"67ab7cb4\" data-element_type=\"section\">\n\t\t\t\t\t\t<div class=\"elementor-container elementor-column-gap-default\">\n\t\t\t\t\t\t\t<div class=\"elementor-row\">\n\t\t\t\t\t<div class=\"elementor-column elementor-col-100 elementor-inner-column elementor-element elementor-element-76032ccf\" data-id=\"76032ccf\" data-element_type=\"column\">\n\t\t\t<div class=\"elementor-column-wrap elementor-element-populated\">\n\t\t\t\t\t\t\t<div class=\"elementor-widget-wrap\">\n\t\t\t\t\t\t<div class=\"elementor-element elementor-element-4ee60ee5 elementor-widget__width-auto elementor-widget elementor-widget-heading\" data-id=\"4ee60ee5\" data-element_type=\"widget\" data-widget_type=\"heading.default\">\n\t\t\t\t<div class=\"elementor-widget-container\">\n\t\t\t<h1 class=\"elementor-heading-title elementor-size-default\">Augmentation du rendement des moteurs \u00e9lectriques gr\u00e2ce \u00e0 une utilisation de technologie de <span style=\"color: #C90C0F;\">mandrins expansibles<\/span> de hautes pr\u00e9cisions<\/h1>\t\t<\/div>\n\t\t\t\t<\/div>\n\t\t\t\t\t\t<\/div>\n\t\t\t\t\t<\/div>\n\t\t<\/div>\n\t\t\t\t\t\t\t\t<\/div>\n\t\t\t\t\t<\/div>\n\t\t<\/section>\n\t\t\t\t<section class=\"elementor-section elementor-inner-section elementor-element elementor-element-5211e3c9 elementor-section-boxed elementor-section-height-default elementor-section-height-default\" data-id=\"5211e3c9\" data-element_type=\"section\">\n\t\t\t\t\t\t<div class=\"elementor-container elementor-column-gap-default\">\n\t\t\t\t\t\t\t<div class=\"elementor-row\">\n\t\t\t\t\t<div class=\"elementor-column elementor-col-100 elementor-inner-column elementor-element elementor-element-43d6ce7e\" data-id=\"43d6ce7e\" data-element_type=\"column\">\n\t\t\t<div class=\"elementor-column-wrap elementor-element-populated\">\n\t\t\t\t\t\t\t<div class=\"elementor-widget-wrap\">\n\t\t\t\t\t\t<div class=\"elementor-element elementor-element-5781e880 elementor-widget elementor-widget-text-editor\" data-id=\"5781e880\" data-element_type=\"widget\" data-widget_type=\"text-editor.default\">\n\t\t\t\t<div class=\"elementor-widget-container\">\n\t\t\t\t\t\t\t\t<div class=\"elementor-text-editor elementor-clearfix\">\n\t\t\t\t\t<p>Notre client est un fabricant renomm\u00e9 de moteurs \u00e9lectriques. Lors de la production de ses moteurs, les empilements de t\u00f4les (stators) doivent \u00eatre align\u00e9es aussi pr\u00e9cis\u00e9ment que possible pour le soudage. Pour ce faire, le fabricant utilise la technologie de <a href=\"https:\/\/www.mytec.de\/fr\/produits\/arbre-dexpansion-hydra\/\"><span style=\"color: #c90c0f;\">mandrins expansibles<\/span><\/a>.<\/p>\t\t\t\t\t<\/div>\n\t\t\t\t\t\t<\/div>\n\t\t\t\t<\/div>\n\t\t\t\t\t\t<\/div>\n\t\t\t\t\t<\/div>\n\t\t<\/div>\n\t\t\t\t\t\t\t\t<\/div>\n\t\t\t\t\t<\/div>\n\t\t<\/section>\n\t\t\t\t\t\t<\/div>\n\t\t\t\t\t<\/div>\n\t\t<\/div>\n\t\t\t\t\t\t\t\t<\/div>\n\t\t\t\t\t<\/div>\n\t\t<\/section>\n\t\t\t\t<section class=\"elementor-section elementor-top-section elementor-element elementor-element-18b2c6a elementor-section-boxed elementor-section-height-default elementor-section-height-default\" data-id=\"18b2c6a\" data-element_type=\"section\">\n\t\t\t\t\t\t<div class=\"elementor-container elementor-column-gap-default\">\n\t\t\t\t\t\t\t<div class=\"elementor-row\">\n\t\t\t\t\t<div class=\"elementor-column elementor-col-100 elementor-top-column elementor-element elementor-element-1f7a89e roter-rahmen\" data-id=\"1f7a89e\" data-element_type=\"column\">\n\t\t\t<div class=\"elementor-column-wrap elementor-element-populated\">\n\t\t\t\t\t\t\t<div class=\"elementor-widget-wrap\">\n\t\t\t\t\t\t<div class=\"elementor-element elementor-element-c4862b8 elementor-widget elementor-widget-image\" data-id=\"c4862b8\" data-element_type=\"widget\" data-widget_type=\"image.default\">\n\t\t\t\t<div class=\"elementor-widget-container\">\n\t\t\t\t\t\t\t\t<div class=\"elementor-image\">\n\t\t\t\t\t\t\t\t\t\t\t\t<img width=\"2560\" height=\"1577\" src=\"https:\/\/www.mytec.de\/wp-content\/uploads\/2021\/09\/Dehnspanntechnik-Elektromotoren_b_K-scaled.jpg\" class=\"attachment-full size-full\" alt=\"\" loading=\"lazy\" srcset=\"https:\/\/www.mytec.de\/wp-content\/uploads\/2021\/09\/Dehnspanntechnik-Elektromotoren_b_K-scaled.jpg 2560w, https:\/\/www.mytec.de\/wp-content\/uploads\/2021\/09\/Dehnspanntechnik-Elektromotoren_b_K-300x185.jpg 300w, https:\/\/www.mytec.de\/wp-content\/uploads\/2021\/09\/Dehnspanntechnik-Elektromotoren_b_K-1024x631.jpg 1024w, https:\/\/www.mytec.de\/wp-content\/uploads\/2021\/09\/Dehnspanntechnik-Elektromotoren_b_K-768x473.jpg 768w, https:\/\/www.mytec.de\/wp-content\/uploads\/2021\/09\/Dehnspanntechnik-Elektromotoren_b_K-1536x946.jpg 1536w, https:\/\/www.mytec.de\/wp-content\/uploads\/2021\/09\/Dehnspanntechnik-Elektromotoren_b_K-2048x1262.jpg 2048w\" sizes=\"(max-width: 2560px) 100vw, 2560px\" \/>\t\t\t\t\t\t\t\t\t\t\t\t\t\t<\/div>\n\t\t\t\t\t\t<\/div>\n\t\t\t\t<\/div>\n\t\t\t\t\t\t<\/div>\n\t\t\t\t\t<\/div>\n\t\t<\/div>\n\t\t\t\t\t\t\t\t<\/div>\n\t\t\t\t\t<\/div>\n\t\t<\/section>\n\t\t\t\t<section class=\"elementor-section elementor-top-section elementor-element elementor-element-2ff3ebd elementor-section-boxed elementor-section-height-default elementor-section-height-default\" data-id=\"2ff3ebd\" data-element_type=\"section\">\n\t\t\t\t\t\t<div class=\"elementor-container elementor-column-gap-default\">\n\t\t\t\t\t\t\t<div class=\"elementor-row\">\n\t\t\t\t\t<div class=\"elementor-column elementor-col-100 elementor-top-column elementor-element elementor-element-ac5a9b0\" data-id=\"ac5a9b0\" data-element_type=\"column\">\n\t\t\t<div class=\"elementor-column-wrap elementor-element-populated\">\n\t\t\t\t\t\t\t<div class=\"elementor-widget-wrap\">\n\t\t\t\t\t\t<section class=\"elementor-section elementor-inner-section elementor-element elementor-element-fc602cf elementor-section-boxed elementor-section-height-default elementor-section-height-default\" data-id=\"fc602cf\" data-element_type=\"section\">\n\t\t\t\t\t\t<div class=\"elementor-container elementor-column-gap-default\">\n\t\t\t\t\t\t\t<div class=\"elementor-row\">\n\t\t\t\t\t<div class=\"elementor-column elementor-col-100 elementor-inner-column elementor-element elementor-element-829901a\" data-id=\"829901a\" data-element_type=\"column\">\n\t\t\t<div class=\"elementor-column-wrap elementor-element-populated\">\n\t\t\t\t\t\t\t<div class=\"elementor-widget-wrap\">\n\t\t\t\t\t\t<div class=\"elementor-element elementor-element-6986b02 elementor-widget elementor-widget-text-editor\" data-id=\"6986b02\" data-element_type=\"widget\" data-widget_type=\"text-editor.default\">\n\t\t\t\t<div class=\"elementor-widget-container\">\n\t\t\t\t\t\t\t\t<div class=\"elementor-text-editor elementor-clearfix\">\n\t\t\t\t\t<p>L\u2019\u00e9tape suivante du processus d\u2019usinage consiste \u00e0 usiner les si\u00e8ges de roulement des carters moteurs avec des stators press\u00e9s. Ils doivent \u00eatre pris et serr\u00e9s dans l\u2019al\u00e9sage du stator au moyen d\u2019une technique de<a href=\"https:\/\/www.mytec.de\/fr\/produits\/arbre-dexpansion-hydra\/\">serrage par expansion<\/a>.<\/p><p>Afin d\u2019augmenter l\u2019efficacit\u00e9 des moteurs et de r\u00e9duire les rebuts de production, le client souhaitait utiliser des&nbsp;<span style=\"color: rgb(201, 12, 15);\">syst\u00e8mes de serrage<\/span>&nbsp;pr\u00e9cis permettant d\u2019obtenir la plus grande qualit\u00e9 possible (circularit\u00e9 et concentricit\u00e9) des stators par rapport aux diam\u00e8tres de roulements, et donc de positionner plus pr\u00e9cis\u00e9ment les rotors lors de l\u2019assemblage du moteur \u00e9lectrique.<\/p><p>Le client a opt\u00e9 pour notre technologie de&nbsp;<a href=\"https:\/\/www.mytec.de\/fr\/produits\/arbre-dexpansion-hydra\/\">mandrin \u00e0 expansion<\/a>&nbsp;car nos&nbsp;<a href=\"https:\/\/www.mytec.de\/fr\/produits\/arbre-dexpansion-hydra\/\">mandrins hydrauliques<\/a>&nbsp;permettent de centrer et d\u2019aligner les paquets de t\u00f4le du stator avec la plus grande pr\u00e9cision. Les&nbsp;<a href=\"https:\/\/www.mytec.de\/fr\/produits\/outil-de-serrage-mecanique\/\">mandrins m\u00e9caniques<\/a>, n\u2019avaient pas \u00e9t\u00e9 eux convaincants. L\u2019alignement des t\u00f4les du stator ne s\u2019effectuant pas avec la m\u00eame pr\u00e9cision compar\u00e9 \u00e0&nbsp;<span style=\"color: rgb(201, 12, 15);\">notre technologie<\/span>.<\/p><p>Dans un premier temps, la conception de&nbsp;<a href=\"https:\/\/www.mytec.de\/fr\/produits\/arbre-dexpansion-hydra\/\">mandrins expansibles<\/a>&nbsp;sp\u00e9cifiques a \u00e9t\u00e9 convenue et a pu par la suite \u00eatre test\u00e9e avec succ\u00e8s pour la production du client. convenue et a pu par la suite \u00eatre test\u00e9e avec succ\u00e8s pour la production du client. Gr\u00e2ce \u00e0 notre haute qualit\u00e9 et la pr\u00e9cision de nos syst\u00e8mes de&nbsp;<span style=\"color: rgb(201, 12, 15);\">serrage par expansion<\/span>&nbsp;hydraulique, les t\u00f4les du stator ont pu \u00eatre positionn\u00e9es avec une grande pr\u00e9cision et la distance entre le stator et le rotor a pu \u00eatre r\u00e9duite de mani\u00e8re significative, ce qui se traduit par un meilleur rendement et une dur\u00e9e de vie prolong\u00e9e du moteur.<\/p><p>En utilisant notre<span style=\"color: rgb(201, 12, 15);\">technologie de serrage<\/span>, le client a pu augmenter sa productivit\u00e9 et r\u00e9duire ses co\u00fbts de fabrication. Dans le m\u00eame temps, la qualit\u00e9 de ses produits a \u00e9t\u00e9 am\u00e9lior\u00e9e et la production est devenue plus efficiente.<\/p>\t\t\t\t\t<\/div>\n\t\t\t\t\t\t<\/div>\n\t\t\t\t<\/div>\n\t\t\t\t\t\t<\/div>\n\t\t\t\t\t<\/div>\n\t\t<\/div>\n\t\t\t\t\t\t\t\t<\/div>\n\t\t\t\t\t<\/div>\n\t\t<\/section>\n\t\t\t\t\t\t<\/div>\n\t\t\t\t\t<\/div>\n\t\t<\/div>\n\t\t\t\t\t\t\t\t<\/div>\n\t\t\t\t\t<\/div>\n\t\t<\/section>\n\t\t\t\t\t\t<\/div>\n\t\t\t\t\t\t<\/div>\n\t\t\t\t\t<\/div>\n\t\t","protected":false},"excerpt":{"rendered":"<p>Augmentation du rendement des moteurs \u00e9lectriques gr\u00e2ce \u00e0 une utilisation de technologie de mandrins expansibles de hautes pr\u00e9cisions Notre client est un fabricant renomm\u00e9 de moteurs \u00e9lectriques. Lors de la production de ses moteurs, les empilements de t\u00f4les (stators) doivent \u00eatre align\u00e9es aussi pr\u00e9cis\u00e9ment que possible pour le soudage. Pour ce faire, le fabricant utilise [&hellip;]<\/p>\n","protected":false},"author":7,"featured_media":0,"parent":0,"menu_order":0,"comment_status":"closed","ping_status":"closed","template":"","meta":[],"_links":{"self":[{"href":"https:\/\/www.mytec.de\/fr\/wp-json\/wp\/v2\/pages\/3593"}],"collection":[{"href":"https:\/\/www.mytec.de\/fr\/wp-json\/wp\/v2\/pages"}],"about":[{"href":"https:\/\/www.mytec.de\/fr\/wp-json\/wp\/v2\/types\/page"}],"author":[{"embeddable":true,"href":"https:\/\/www.mytec.de\/fr\/wp-json\/wp\/v2\/users\/7"}],"replies":[{"embeddable":true,"href":"https:\/\/www.mytec.de\/fr\/wp-json\/wp\/v2\/comments?post=3593"}],"version-history":[{"count":9,"href":"https:\/\/www.mytec.de\/fr\/wp-json\/wp\/v2\/pages\/3593\/revisions"}],"predecessor-version":[{"id":3713,"href":"https:\/\/www.mytec.de\/fr\/wp-json\/wp\/v2\/pages\/3593\/revisions\/3713"}],"wp:attachment":[{"href":"https:\/\/www.mytec.de\/fr\/wp-json\/wp\/v2\/media?parent=3593"}],"curies":[{"name":"wp","href":"https:\/\/api.w.org\/{rel}","templated":true}]}}