{"id":4223,"date":"2022-09-20T07:21:48","date_gmt":"2022-09-20T07:21:48","guid":{"rendered":"https:\/\/www.mytec.de\/?page_id=4223"},"modified":"2023-03-01T07:33:59","modified_gmt":"2023-03-01T07:33:59","slug":"a-propos-de-nous","status":"publish","type":"page","link":"https:\/\/www.mytec.de\/fr\/a-propos-de-nous\/","title":{"rendered":"\u00c0 propos de nous"},"content":{"rendered":"\t\t<div data-elementor-type=\"wp-page\" data-elementor-id=\"4223\" class=\"elementor elementor-4223 elementor-4190\" data-elementor-settings=\"[]\">\n\t\t\t\t\t\t<div class=\"elementor-inner\">\n\t\t\t\t\t\t\t<div class=\"elementor-section-wrap\">\n\t\t\t\t\t\t\t<section class=\"elementor-section elementor-top-section elementor-element elementor-element-31bc2592 elementor-section-content-top sektion elementor-section-boxed elementor-section-height-default elementor-section-height-default\" data-id=\"31bc2592\" data-element_type=\"section\" data-settings=\"{&quot;background_background&quot;:&quot;classic&quot;}\">\n\t\t\t\t\t\t<div class=\"elementor-container elementor-column-gap-no\">\n\t\t\t\t\t\t\t<div class=\"elementor-row\">\n\t\t\t\t\t<div class=\"elementor-column elementor-col-100 elementor-top-column elementor-element elementor-element-20bb0153\" data-id=\"20bb0153\" data-element_type=\"column\">\n\t\t\t<div class=\"elementor-column-wrap elementor-element-populated\">\n\t\t\t\t\t\t\t<div class=\"elementor-widget-wrap\">\n\t\t\t\t\t\t<section class=\"elementor-section elementor-inner-section elementor-element elementor-element-5a0854a6 elementor-section-boxed elementor-section-height-default elementor-section-height-default\" data-id=\"5a0854a6\" data-element_type=\"section\">\n\t\t\t\t\t\t<div class=\"elementor-container elementor-column-gap-default\">\n\t\t\t\t\t\t\t<div class=\"elementor-row\">\n\t\t\t\t\t<div class=\"elementor-column elementor-col-100 elementor-inner-column elementor-element elementor-element-5cd273e1\" data-id=\"5cd273e1\" data-element_type=\"column\">\n\t\t\t<div class=\"elementor-column-wrap elementor-element-populated\">\n\t\t\t\t\t\t\t<div class=\"elementor-widget-wrap\">\n\t\t\t\t\t\t<div class=\"elementor-element elementor-element-5b861112 elementor-widget__width-auto elementor-widget elementor-widget-heading\" data-id=\"5b861112\" data-element_type=\"widget\" data-widget_type=\"heading.default\">\n\t\t\t\t<div class=\"elementor-widget-container\">\n\t\t\t<h1 class=\"elementor-heading-title elementor-size-default\"><font color=\"#c90c0f\">Mytec Hydraclamp \u2013<\/font> <br>Pionnier de la technique de serrage par extension hydraulique sans joint d'\u00e9tanch\u00e9it\u00e9<\/h1>\t\t<\/div>\n\t\t\t\t<\/div>\n\t\t\t\t\t\t<\/div>\n\t\t\t\t\t<\/div>\n\t\t<\/div>\n\t\t\t\t\t\t\t\t<\/div>\n\t\t\t\t\t<\/div>\n\t\t<\/section>\n\t\t\t\t\t\t<\/div>\n\t\t\t\t\t<\/div>\n\t\t<\/div>\n\t\t\t\t\t\t\t\t<\/div>\n\t\t\t\t\t<\/div>\n\t\t<\/section>\n\t\t\t\t<section class=\"elementor-section elementor-top-section elementor-element elementor-element-35e4737e elementor-section-stretched sektion elementor-section-boxed elementor-section-height-default elementor-section-height-default\" data-id=\"35e4737e\" data-element_type=\"section\" data-settings=\"{&quot;stretch_section&quot;:&quot;section-stretched&quot;}\">\n\t\t\t\t\t\t<div class=\"elementor-container elementor-column-gap-no\">\n\t\t\t\t\t\t\t<div class=\"elementor-row\">\n\t\t\t\t\t<div class=\"elementor-column elementor-col-100 elementor-top-column elementor-element elementor-element-4483e813 roter-rahmen\" data-id=\"4483e813\" data-element_type=\"column\">\n\t\t\t<div class=\"elementor-column-wrap elementor-element-populated\">\n\t\t\t\t\t\t\t<div class=\"elementor-widget-wrap\">\n\t\t\t\t\t\t<section class=\"elementor-section elementor-inner-section elementor-element elementor-element-71e07034 elementor-section-boxed elementor-section-height-default elementor-section-height-default\" data-id=\"71e07034\" data-element_type=\"section\">\n\t\t\t\t\t\t<div class=\"elementor-container elementor-column-gap-default\">\n\t\t\t\t\t\t\t<div class=\"elementor-row\">\n\t\t\t\t\t<div class=\"elementor-column elementor-col-100 elementor-inner-column elementor-element elementor-element-540176c5\" data-id=\"540176c5\" data-element_type=\"column\">\n\t\t\t<div class=\"elementor-column-wrap elementor-element-populated\">\n\t\t\t\t\t\t\t<div class=\"elementor-widget-wrap\">\n\t\t\t\t\t\t<div class=\"elementor-element elementor-element-33c5d3e7 elementor-widget elementor-widget-image\" data-id=\"33c5d3e7\" data-element_type=\"widget\" data-widget_type=\"image.default\">\n\t\t\t\t<div class=\"elementor-widget-container\">\n\t\t\t\t\t\t\t\t<div class=\"elementor-image\">\n\t\t\t\t\t\t\t\t\t\t\t\t<img width=\"2560\" height=\"1708\" src=\"https:\/\/www.mytec.de\/wp-content\/uploads\/2022\/09\/1229we0734-scaled.jpg\" class=\"attachment-full size-full\" alt=\"\" loading=\"lazy\" srcset=\"https:\/\/www.mytec.de\/wp-content\/uploads\/2022\/09\/1229we0734-scaled.jpg 2560w, https:\/\/www.mytec.de\/wp-content\/uploads\/2022\/09\/1229we0734-300x200.jpg 300w, https:\/\/www.mytec.de\/wp-content\/uploads\/2022\/09\/1229we0734-1024x683.jpg 1024w, https:\/\/www.mytec.de\/wp-content\/uploads\/2022\/09\/1229we0734-768x512.jpg 768w, https:\/\/www.mytec.de\/wp-content\/uploads\/2022\/09\/1229we0734-1536x1025.jpg 1536w, https:\/\/www.mytec.de\/wp-content\/uploads\/2022\/09\/1229we0734-2048x1366.jpg 2048w\" sizes=\"(max-width: 2560px) 100vw, 2560px\" \/>\t\t\t\t\t\t\t\t\t\t\t\t\t\t<\/div>\n\t\t\t\t\t\t<\/div>\n\t\t\t\t<\/div>\n\t\t\t\t\t\t<\/div>\n\t\t\t\t\t<\/div>\n\t\t<\/div>\n\t\t\t\t\t\t\t\t<\/div>\n\t\t\t\t\t<\/div>\n\t\t<\/section>\n\t\t\t\t\t\t<\/div>\n\t\t\t\t\t<\/div>\n\t\t<\/div>\n\t\t\t\t\t\t\t\t<\/div>\n\t\t\t\t\t<\/div>\n\t\t<\/section>\n\t\t\t\t<section class=\"elementor-section elementor-top-section elementor-element elementor-element-982f5cf image-text-wrapper elementor-section-boxed elementor-section-height-default elementor-section-height-default\" data-id=\"982f5cf\" data-element_type=\"section\">\n\t\t\t\t\t\t<div class=\"elementor-container elementor-column-gap-default\">\n\t\t\t\t\t\t\t<div class=\"elementor-row\">\n\t\t\t\t\t<div class=\"elementor-column elementor-col-33 elementor-top-column elementor-element elementor-element-b4851ab\" data-id=\"b4851ab\" data-element_type=\"column\">\n\t\t\t<div class=\"elementor-column-wrap elementor-element-populated\">\n\t\t\t\t\t\t\t<div class=\"elementor-widget-wrap\">\n\t\t\t\t\t\t<div class=\"elementor-element elementor-element-7247e8d elementor-widget elementor-widget-image\" data-id=\"7247e8d\" data-element_type=\"widget\" data-widget_type=\"image.default\">\n\t\t\t\t<div class=\"elementor-widget-container\">\n\t\t\t\t\t\t\t\t<div class=\"elementor-image\">\n\t\t\t\t\t\t\t\t\t\t\t\t<img width=\"800\" height=\"534\" src=\"https:\/\/www.mytec.de\/wp-content\/uploads\/2022\/09\/1229we0751-1-1024x683.jpg\" class=\"attachment-large size-large\" alt=\"\" loading=\"lazy\" srcset=\"https:\/\/www.mytec.de\/wp-content\/uploads\/2022\/09\/1229we0751-1-1024x683.jpg 1024w, https:\/\/www.mytec.de\/wp-content\/uploads\/2022\/09\/1229we0751-1-300x200.jpg 300w, https:\/\/www.mytec.de\/wp-content\/uploads\/2022\/09\/1229we0751-1-768x512.jpg 768w, https:\/\/www.mytec.de\/wp-content\/uploads\/2022\/09\/1229we0751-1-1536x1025.jpg 1536w, https:\/\/www.mytec.de\/wp-content\/uploads\/2022\/09\/1229we0751-1-2048x1366.jpg 2048w\" sizes=\"(max-width: 800px) 100vw, 800px\" \/>\t\t\t\t\t\t\t\t\t\t\t\t\t\t<\/div>\n\t\t\t\t\t\t<\/div>\n\t\t\t\t<\/div>\n\t\t\t\t\t\t<\/div>\n\t\t\t\t\t<\/div>\n\t\t<\/div>\n\t\t\t\t<div class=\"elementor-column elementor-col-66 elementor-top-column elementor-element elementor-element-adb6370\" data-id=\"adb6370\" data-element_type=\"column\">\n\t\t\t<div class=\"elementor-column-wrap elementor-element-populated\">\n\t\t\t\t\t\t\t<div class=\"elementor-widget-wrap\">\n\t\t\t\t\t\t<div class=\"elementor-element elementor-element-3c6aefc elementor-widget elementor-widget-text-editor\" data-id=\"3c6aefc\" data-element_type=\"widget\" data-widget_type=\"text-editor.default\">\n\t\t\t\t<div class=\"elementor-widget-container\">\n\t\t\t\t\t\t\t\t<div class=\"elementor-text-editor elementor-clearfix\">\n\t\t\t\t\t<p style=\"color: #000000;\"><span style=\"font-family: var( --e-global-typography-text-font-family ), Sans-serif;\"><span style=\"font-weight: var( --e-global-typography-text-font-weight ); background-color: #ffffff; font-size: 1rem;\">La soci\u00e9t\u00e9 Mytec Pr\u00e4zisionswerkzeuge GmbH a \u00e9t\u00e9 fond\u00e9e en 1985 \u00e0 Kreuzwertheim\u00a0<\/span><\/span>et fait partie depuis 2012 du groupe d&rsquo;entreprises <a href=\"https:\/\/www.emuge-franken-group.com\/de\/en\/clamping-technology\/a\/werkstueckspannung\" target=\"_blank\" rel=\"noopener\">EMUGE-FRANKEN<\/a>. Depuis pr\u00e8s de quarante ans, notre c\u0153ur bat pour la technique de serrage par extension hydraulique sans joint.<\/p><p class=\"p1\"><span class=\"s1\" style=\"color: #000000;\">Notre savoir faire principal est la conception et la fabrication de mandrins de serrage hydrauliques pour l&rsquo;usinage de pi\u00e8ces tr\u00e8s complexes pour les avions, les h\u00e9licopt\u00e8res et les turbines.<\/span><\/p><p><span style=\"color: #000000;\">Mytec construit les ponts pr\u00e9cis entre les machines et les pi\u00e8ces du client.<\/span><\/p>\t\t\t\t\t<\/div>\n\t\t\t\t\t\t<\/div>\n\t\t\t\t<\/div>\n\t\t\t\t\t\t<\/div>\n\t\t\t\t\t<\/div>\n\t\t<\/div>\n\t\t\t\t\t\t\t\t<\/div>\n\t\t\t\t\t<\/div>\n\t\t<\/section>\n\t\t\t\t<section class=\"elementor-section elementor-top-section elementor-element elementor-element-072db87 elementor-section-boxed elementor-section-height-default elementor-section-height-default\" data-id=\"072db87\" data-element_type=\"section\">\n\t\t\t\t\t\t<div class=\"elementor-container elementor-column-gap-default\">\n\t\t\t\t\t\t\t<div class=\"elementor-row\">\n\t\t\t\t\t<div class=\"elementor-column elementor-col-100 elementor-top-column elementor-element elementor-element-b95351e\" data-id=\"b95351e\" data-element_type=\"column\">\n\t\t\t<div class=\"elementor-column-wrap elementor-element-populated\">\n\t\t\t\t\t\t\t<div class=\"elementor-widget-wrap\">\n\t\t\t\t\t\t<div class=\"elementor-element elementor-element-443183f elementor-widget elementor-widget-spacer\" data-id=\"443183f\" data-element_type=\"widget\" data-widget_type=\"spacer.default\">\n\t\t\t\t<div class=\"elementor-widget-container\">\n\t\t\t\t\t<div class=\"elementor-spacer\">\n\t\t\t<div class=\"elementor-spacer-inner\"><\/div>\n\t\t<\/div>\n\t\t\t\t<\/div>\n\t\t\t\t<\/div>\n\t\t\t\t\t\t<\/div>\n\t\t\t\t\t<\/div>\n\t\t<\/div>\n\t\t\t\t\t\t\t\t<\/div>\n\t\t\t\t\t<\/div>\n\t\t<\/section>\n\t\t\t\t<section class=\"elementor-section elementor-top-section elementor-element elementor-element-cf5b1db image-text-wrapper elementor-section-boxed elementor-section-height-default elementor-section-height-default\" data-id=\"cf5b1db\" data-element_type=\"section\">\n\t\t\t\t\t\t<div class=\"elementor-container elementor-column-gap-default\">\n\t\t\t\t\t\t\t<div class=\"elementor-row\">\n\t\t\t\t\t<div class=\"elementor-column elementor-col-33 elementor-top-column elementor-element elementor-element-ed368a3\" data-id=\"ed368a3\" data-element_type=\"column\">\n\t\t\t<div class=\"elementor-column-wrap elementor-element-populated\">\n\t\t\t\t\t\t\t<div class=\"elementor-widget-wrap\">\n\t\t\t\t\t\t<div class=\"elementor-element elementor-element-7b1d166 elementor-widget elementor-widget-image\" data-id=\"7b1d166\" data-element_type=\"widget\" data-widget_type=\"image.default\">\n\t\t\t\t<div class=\"elementor-widget-container\">\n\t\t\t\t\t\t\t\t<div class=\"elementor-image\">\n\t\t\t\t\t\t\t\t\t\t\t\t<img width=\"800\" height=\"534\" src=\"https:\/\/www.mytec.de\/wp-content\/uploads\/2022\/09\/1229we0742-1-1024x683.jpg\" class=\"attachment-large size-large\" alt=\"\" loading=\"lazy\" srcset=\"https:\/\/www.mytec.de\/wp-content\/uploads\/2022\/09\/1229we0742-1-1024x683.jpg 1024w, https:\/\/www.mytec.de\/wp-content\/uploads\/2022\/09\/1229we0742-1-300x200.jpg 300w, https:\/\/www.mytec.de\/wp-content\/uploads\/2022\/09\/1229we0742-1-768x512.jpg 768w, https:\/\/www.mytec.de\/wp-content\/uploads\/2022\/09\/1229we0742-1-1536x1025.jpg 1536w, https:\/\/www.mytec.de\/wp-content\/uploads\/2022\/09\/1229we0742-1-2048x1366.jpg 2048w\" sizes=\"(max-width: 800px) 100vw, 800px\" \/>\t\t\t\t\t\t\t\t\t\t\t\t\t\t<\/div>\n\t\t\t\t\t\t<\/div>\n\t\t\t\t<\/div>\n\t\t\t\t\t\t<\/div>\n\t\t\t\t\t<\/div>\n\t\t<\/div>\n\t\t\t\t<div class=\"elementor-column elementor-col-66 elementor-top-column elementor-element elementor-element-a0c63d0\" data-id=\"a0c63d0\" data-element_type=\"column\">\n\t\t\t<div class=\"elementor-column-wrap elementor-element-populated\">\n\t\t\t\t\t\t\t<div class=\"elementor-widget-wrap\">\n\t\t\t\t\t\t<div class=\"elementor-element elementor-element-4fb9ce7 elementor-widget elementor-widget-text-editor\" data-id=\"4fb9ce7\" data-element_type=\"widget\" data-widget_type=\"text-editor.default\">\n\t\t\t\t<div class=\"elementor-widget-container\">\n\t\t\t\t\t\t\t\t<div class=\"elementor-text-editor elementor-clearfix\">\n\t\t\t\t\t<p><span style=\"color: #000000; text-align: center;\">Chez notre enreprise, la fabrication et la technique font l&rsquo;objet d&rsquo;\u00e9changes professionnels permanents. La comp\u00e9tence technique et l&rsquo;exp\u00e9rience pratique apportent des solutions pour le serrage des pi\u00e8ces de la plus haute qualit\u00e9 en termes de pr\u00e9cision et de long\u00e9vit\u00e9.\u00a0<\/span><\/p><p class=\"p1\"><span class=\"s1\" style=\"color: #000000;\">Notre fabrication compl\u00e8tement int\u00e9gr\u00e9 avec notre propre atelier de trempe sous vide sur le site de Marktheidenfeld permet un contr\u00f4le sans faille de l&rsquo;ensemble du processus de fabrication. C&rsquo;est la base de la longue dur\u00e9e de vie et de la qualit\u00e9 \u00e9lev\u00e9e et constante des <a href=\"https:\/\/www.mytec.de\/fr\/produits\/arbre-dexpansion-hydra\/\">mandrins de serrage par extension HYDRA.<\/a> Nous sommes certifi\u00e9s selon la norme DIN EN ISO 9001:2015.<\/span><\/p>\t\t\t\t\t<\/div>\n\t\t\t\t\t\t<\/div>\n\t\t\t\t<\/div>\n\t\t\t\t\t\t<\/div>\n\t\t\t\t\t<\/div>\n\t\t<\/div>\n\t\t\t\t\t\t\t\t<\/div>\n\t\t\t\t\t<\/div>\n\t\t<\/section>\n\t\t\t\t<section class=\"elementor-section elementor-top-section elementor-element elementor-element-d892942 elementor-section-boxed elementor-section-height-default elementor-section-height-default\" data-id=\"d892942\" data-element_type=\"section\">\n\t\t\t\t\t\t<div class=\"elementor-container elementor-column-gap-default\">\n\t\t\t\t\t\t\t<div class=\"elementor-row\">\n\t\t\t\t\t<div class=\"elementor-column elementor-col-100 elementor-top-column elementor-element elementor-element-68738c0\" data-id=\"68738c0\" data-element_type=\"column\">\n\t\t\t<div class=\"elementor-column-wrap elementor-element-populated\">\n\t\t\t\t\t\t\t<div class=\"elementor-widget-wrap\">\n\t\t\t\t\t\t<div class=\"elementor-element elementor-element-fc5cfe9 elementor-widget elementor-widget-spacer\" data-id=\"fc5cfe9\" data-element_type=\"widget\" data-widget_type=\"spacer.default\">\n\t\t\t\t<div class=\"elementor-widget-container\">\n\t\t\t\t\t<div class=\"elementor-spacer\">\n\t\t\t<div class=\"elementor-spacer-inner\"><\/div>\n\t\t<\/div>\n\t\t\t\t<\/div>\n\t\t\t\t<\/div>\n\t\t\t\t\t\t<\/div>\n\t\t\t\t\t<\/div>\n\t\t<\/div>\n\t\t\t\t\t\t\t\t<\/div>\n\t\t\t\t\t<\/div>\n\t\t<\/section>\n\t\t\t\t<section class=\"elementor-section elementor-top-section elementor-element elementor-element-1a6a87c image-text-wrapper elementor-section-boxed elementor-section-height-default elementor-section-height-default\" data-id=\"1a6a87c\" data-element_type=\"section\">\n\t\t\t\t\t\t<div class=\"elementor-container elementor-column-gap-default\">\n\t\t\t\t\t\t\t<div class=\"elementor-row\">\n\t\t\t\t\t<div class=\"elementor-column elementor-col-33 elementor-top-column elementor-element elementor-element-9b8d218\" data-id=\"9b8d218\" data-element_type=\"column\">\n\t\t\t<div class=\"elementor-column-wrap elementor-element-populated\">\n\t\t\t\t\t\t\t<div class=\"elementor-widget-wrap\">\n\t\t\t\t\t\t<div class=\"elementor-element elementor-element-03e42f5 elementor-widget elementor-widget-image\" data-id=\"03e42f5\" data-element_type=\"widget\" data-widget_type=\"image.default\">\n\t\t\t\t<div class=\"elementor-widget-container\">\n\t\t\t\t\t\t\t\t<div class=\"elementor-image\">\n\t\t\t\t\t\t\t\t\t\t\t\t<img width=\"800\" height=\"534\" src=\"https:\/\/www.mytec.de\/wp-content\/uploads\/2022\/09\/1229we0791-1024x683.jpg\" class=\"attachment-large size-large\" alt=\"\" loading=\"lazy\" srcset=\"https:\/\/www.mytec.de\/wp-content\/uploads\/2022\/09\/1229we0791-1024x683.jpg 1024w, https:\/\/www.mytec.de\/wp-content\/uploads\/2022\/09\/1229we0791-300x200.jpg 300w, https:\/\/www.mytec.de\/wp-content\/uploads\/2022\/09\/1229we0791-768x512.jpg 768w, https:\/\/www.mytec.de\/wp-content\/uploads\/2022\/09\/1229we0791-1536x1025.jpg 1536w, https:\/\/www.mytec.de\/wp-content\/uploads\/2022\/09\/1229we0791-2048x1366.jpg 2048w\" sizes=\"(max-width: 800px) 100vw, 800px\" \/>\t\t\t\t\t\t\t\t\t\t\t\t\t\t<\/div>\n\t\t\t\t\t\t<\/div>\n\t\t\t\t<\/div>\n\t\t\t\t\t\t<\/div>\n\t\t\t\t\t<\/div>\n\t\t<\/div>\n\t\t\t\t<div class=\"elementor-column elementor-col-66 elementor-top-column elementor-element elementor-element-3538c76\" data-id=\"3538c76\" data-element_type=\"column\">\n\t\t\t<div class=\"elementor-column-wrap elementor-element-populated\">\n\t\t\t\t\t\t\t<div class=\"elementor-widget-wrap\">\n\t\t\t\t\t\t<div class=\"elementor-element elementor-element-b24c7b9 elementor-widget elementor-widget-text-editor\" data-id=\"b24c7b9\" data-element_type=\"widget\" data-widget_type=\"text-editor.default\">\n\t\t\t\t<div class=\"elementor-widget-container\">\n\t\t\t\t\t\t\t\t<div class=\"elementor-text-editor elementor-clearfix\">\n\t\t\t\t\t<p style=\"color: #000000; text-align: left;\">L&rsquo;utilisation de dispositifs de serrage Mytec permet de r\u00e9duire les temps de production, car les pi\u00e8ces fabriqu\u00e9es atteignent une qualit\u00e9 particuli\u00e8re et une grande pr\u00e9cision, ce qui permet d&rsquo;\u00e9viter d&rsquo;autres \u00e9tapes de travail.<\/p><p style=\"color: #000000; text-align: left;\">La\u00a0<a href=\"https:\/\/www.mytec.de\/fr\/produits\/arbre-dexpansion-hydra\/\" rel=\"noopener\">technique de serrage par extension hydraulique<\/a>\u00a0r\u00e9pond d\u00e8s aujourd&rsquo;hui aux exigences de demain. Plus les pi\u00e8ces pour les entra\u00eenements sont fabriqu\u00e9es avec pr\u00e9cision, plus les produits finaux sont \u00e9cologiques. La\u00a0<a href=\"https:\/\/www.mytec.de\/fr\/produits\/arbre-dexpansion-hydra\/\" rel=\"noopener\">technique de serrage par extension hydraulique<\/a>\u00a0permet de fabriquer des engrenages et des moteurs qui vivent plus longtemps et consomment moins d&rsquo;\u00e9nergie.<\/p>\t\t\t\t\t<\/div>\n\t\t\t\t\t\t<\/div>\n\t\t\t\t<\/div>\n\t\t\t\t\t\t<\/div>\n\t\t\t\t\t<\/div>\n\t\t<\/div>\n\t\t\t\t\t\t\t\t<\/div>\n\t\t\t\t\t<\/div>\n\t\t<\/section>\n\t\t\t\t\t\t<\/div>\n\t\t\t\t\t\t<\/div>\n\t\t\t\t\t<\/div>\n\t\t","protected":false},"excerpt":{"rendered":"<p>Mytec Hydraclamp \u2013 Pionnier de la technique de serrage par extension hydraulique sans joint d&rsquo;\u00e9tanch\u00e9it\u00e9 La soci\u00e9t\u00e9 Mytec Pr\u00e4zisionswerkzeuge GmbH a \u00e9t\u00e9 fond\u00e9e en 1985 \u00e0 Kreuzwertheim\u00a0et fait partie depuis 2012 du groupe d&rsquo;entreprises EMUGE-FRANKEN. Depuis pr\u00e8s de quarante ans, notre c\u0153ur bat pour la technique de serrage par extension hydraulique sans joint. Notre savoir [&hellip;]<\/p>\n","protected":false},"author":7,"featured_media":0,"parent":0,"menu_order":0,"comment_status":"closed","ping_status":"closed","template":"","meta":[],"_links":{"self":[{"href":"https:\/\/www.mytec.de\/fr\/wp-json\/wp\/v2\/pages\/4223"}],"collection":[{"href":"https:\/\/www.mytec.de\/fr\/wp-json\/wp\/v2\/pages"}],"about":[{"href":"https:\/\/www.mytec.de\/fr\/wp-json\/wp\/v2\/types\/page"}],"author":[{"embeddable":true,"href":"https:\/\/www.mytec.de\/fr\/wp-json\/wp\/v2\/users\/7"}],"replies":[{"embeddable":true,"href":"https:\/\/www.mytec.de\/fr\/wp-json\/wp\/v2\/comments?post=4223"}],"version-history":[{"count":41,"href":"https:\/\/www.mytec.de\/fr\/wp-json\/wp\/v2\/pages\/4223\/revisions"}],"predecessor-version":[{"id":4376,"href":"https:\/\/www.mytec.de\/fr\/wp-json\/wp\/v2\/pages\/4223\/revisions\/4376"}],"wp:attachment":[{"href":"https:\/\/www.mytec.de\/fr\/wp-json\/wp\/v2\/media?parent=4223"}],"curies":[{"name":"wp","href":"https:\/\/api.w.org\/{rel}","templated":true}]}}